{"id":16073,"date":"2022-11-09T09:54:51","date_gmt":"2022-11-09T08:54:51","guid":{"rendered":"https:\/\/neu.erbenermittler-berlin.de\/faq\/"},"modified":"2023-01-16T15:06:05","modified_gmt":"2023-01-16T14:06:05","slug":"faq","status":"publish","type":"page","link":"https:\/\/www.erbenermittler-berlin.de\/fr\/faq\/","title":{"rendered":"FAQ &#8211; FR"},"content":{"rendered":"<div class=\"wpb-content-wrapper\"><p>[vc_row css_animation=\u00a0\u00bb\u00a0\u00bb row_type=\u00a0\u00bbrow\u00a0\u00bb use_row_as_full_screen_section=\u00a0\u00bbno\u00a0\u00bb type=\u00a0\u00bbfull_width\u00a0\u00bb angled_section=\u00a0\u00bbno\u00a0\u00bb text_align=\u00a0\u00bbleft\u00a0\u00bb background_image_as_pattern=\u00a0\u00bbwithout_pattern\u00a0\u00bb padding_bottom=\u00a0\u00bb50&Prime; z_index=\u00a0\u00bb\u00a0\u00bb][vc_column][vc_column_text]<\/p>\n<h2>Vous avez re\u00e7u du courrier ? FAQ<\/h2>\n<p>[\/vc_column_text][vc_separator type=\u00a0\u00bbsmall\u00a0\u00bb position=\u00a0\u00bbleft\u00a0\u00bb down=\u00a0\u00bb40&Prime;][vc_single_image image=\u00a0\u00bb17106&Prime; img_size=\u00a0\u00bbfull\u00a0\u00bb qode_css_animation=\u00a0\u00bb\u00a0\u00bb css=\u00a0\u00bb.vc_custom_1673877959964{padding-bottom: 50px !important;}\u00a0\u00bb]<div class=\"qode-accordion-holder clearfix qode-toggle qode-initial \">\n\t<h3 class=\"clearfix qode-title-holder\">\n<span class=\"qode-tab-title\">\n\t    <span class=\"qode-tab-title-inner\">\n        Pourquoi ai-je re\u00e7u du courrier de la ``Erbenermittler Berlin`` ?    <\/span>\n<\/span>\n<span class=\"qode-accordion-mark\">\n    <span class=\"qode-accordion-mark-icon\">\n        <span class=\"icon_plus\"><\/span>\n        <span class=\"icon_minus-06\"><\/span>\n    <\/span>\n<\/span>\n<\/h3>\n<div  class=\"qode-accordion-content \" >\n    <div class=\"qode-accordion-content-inner\">\n        [vc_column_text]Nous avons commenc\u00e9 \u00e0 enqu\u00eater sur une affaire de succession et vous avons identifi\u00e9 comme personne susceptible d&rsquo;h\u00e9riter. Pour cette raison, nous vous avons envoy\u00e9 une convention et une procuration. Votre qualit\u00e9 d&rsquo;h\u00e9ritier ne pourra \u00eatre \u00e9tablie par le tribunal des successions qu&rsquo;\u00e0 l&rsquo;issue de l&rsquo;enqu\u00eate, dans le cadre d&rsquo;une proc\u00e9dure de certificat d&rsquo;h\u00e9ritier.[\/vc_column_text]    <\/div>\n<\/div><h3 class=\"clearfix qode-title-holder\">\n<span class=\"qode-tab-title\">\n\t    <span class=\"qode-tab-title-inner\">\n        Qui peut me renseigner sur la ``Erbenermittler Berlin`` successoraux ?    <\/span>\n<\/span>\n<span class=\"qode-accordion-mark\">\n    <span class=\"qode-accordion-mark-icon\">\n        <span class=\"icon_plus\"><\/span>\n        <span class=\"icon_minus-06\"><\/span>\n    <\/span>\n<\/span>\n<\/h3>\n<div  class=\"qode-accordion-content \" >\n    <div class=\"qode-accordion-content-inner\">\n        [vc_column_text]Demande au bureau de l&rsquo;artisanat ou au bureau d&rsquo;ordre du lieu de r\u00e9sidence du coll\u00e8gue concern\u00e9. Toutefois, ce renseignement est g\u00e9n\u00e9ralement payant. Il n&rsquo;existe pas de droit \u00e0 l&rsquo;information.<\/p>\n<p>Vous pouvez \u00e9galement vous adresser au commissariat de police dont vous d\u00e9pendez. Votre service de police s&rsquo;adressera \u00e0 la police du lieu de r\u00e9sidence du coll\u00e8gue en question. Vous pouvez ainsi vous assurer que vous avez affaire \u00e0 une entreprise s\u00e9rieuse.[\/vc_column_text]    <\/div>\n<\/div><h3 class=\"clearfix qode-title-holder\">\n<span class=\"qode-tab-title\">\n\t    <span class=\"qode-tab-title-inner\">\n        Pourquoi n&#039;enqu\u00eatons-nous que maintenant sur des cas o\u00f9 le d\u00e9funt est d\u00e9c\u00e9d\u00e9 depuis de nombreuses ann\u00e9es ?    <\/span>\n<\/span>\n<span class=\"qode-accordion-mark\">\n    <span class=\"qode-accordion-mark-icon\">\n        <span class=\"icon_plus\"><\/span>\n        <span class=\"icon_minus-06\"><\/span>\n    <\/span>\n<\/span>\n<\/h3>\n<div  class=\"qode-accordion-content \" >\n    <div class=\"qode-accordion-content-inner\">\n        [vc_column_text]Souvent, le tribunal comp\u00e9tent en mati\u00e8re de succession ou le curateur comp\u00e9tent en mati\u00e8re de succession a entam\u00e9 des investigations qui n&rsquo;ont pas abouti. Parfois, les enqu\u00eates sont si compliqu\u00e9es que seuls des experts peuvent les mener \u00e0 bien. C&rsquo;est la raison pour laquelle nous avons \u00e9t\u00e9 charg\u00e9s de prendre en charge les recherches.[\/vc_column_text]    <\/div>\n<\/div><h3 class=\"clearfix qode-title-holder\">\n<span class=\"qode-tab-title\">\n\t    <span class=\"qode-tab-title-inner\">\n        Puis-je h\u00e9riter de dettes?    <\/span>\n<\/span>\n<span class=\"qode-accordion-mark\">\n    <span class=\"qode-accordion-mark-icon\">\n        <span class=\"icon_plus\"><\/span>\n        <span class=\"icon_minus-06\"><\/span>\n    <\/span>\n<\/span>\n<\/h3>\n<div  class=\"qode-accordion-content \" >\n    <div class=\"qode-accordion-content-inner\">\n        [vc_column_text]Nous investissons beaucoup de temps et d&rsquo;argent dans nos recherches. C&rsquo;est pourquoi nous nous assurons, avant de commencer la recherche, qu&rsquo;il s&rsquo;agit d&rsquo;une succession positive. Nous nous informons \u00e9galement sur la composition de l&rsquo;h\u00e9ritage (avoirs bancaires ou biens mat\u00e9riels).<\/p>\n<p>Il est dans notre propre int\u00e9r\u00eat de n&rsquo;enqu\u00eater que sur les successions de valeur. Dans le cas contraire, nous participerions aux dettes au prorata, conform\u00e9ment au contrat.[\/vc_column_text]    <\/div>\n<\/div><h3 class=\"clearfix qode-title-holder\">\n<span class=\"qode-tab-title\">\n\t    <span class=\"qode-tab-title-inner\">\n        Pourquoi ne me communique-t-on pas les informations concernant le d\u00e9funt et le tribunal comp\u00e9tent en mati\u00e8re de succession?    <\/span>\n<\/span>\n<span class=\"qode-accordion-mark\">\n    <span class=\"qode-accordion-mark-icon\">\n        <span class=\"icon_plus\"><\/span>\n        <span class=\"icon_minus-06\"><\/span>\n    <\/span>\n<\/span>\n<\/h3>\n<div  class=\"qode-accordion-content \" >\n    <div class=\"qode-accordion-content-inner\">\n        [vc_column_text]Nous voulons ainsi nous assurer que notre travail est r\u00e9mun\u00e9r\u00e9.<\/p>\n<p>Nous ne percevons nos honoraires que si nous concluons une convention d&rsquo;honoraires avec les h\u00e9ritiers identifi\u00e9s. Nous percevons nos honoraires au moment du partage de la succession. Si notre enqu\u00eate s&rsquo;av\u00e8re infructueuse, notre travail n&rsquo;aura servi \u00e0 rien.[\/vc_column_text]    <\/div>\n<\/div><h3 class=\"clearfix qode-title-holder\">\n<span class=\"qode-tab-title\">\n\t    <span class=\"qode-tab-title-inner\">\n        Pourquoi l&#039;enqu\u00eate est-elle si longue?    <\/span>\n<\/span>\n<span class=\"qode-accordion-mark\">\n    <span class=\"qode-accordion-mark-icon\">\n        <span class=\"icon_plus\"><\/span>\n        <span class=\"icon_minus-06\"><\/span>\n    <\/span>\n<\/span>\n<\/h3>\n<div  class=\"qode-accordion-content \" >\n    <div class=\"qode-accordion-content-inner\">\n        [vc_column_text]De nombreux facteurs entrent en jeu :<\/p>\n<ul>\n<li>Enqu\u00eates, obtention de documents et recherche de personnes \u00e0 l&rsquo;\u00e9tranger ou dans les anciens territoires allemands de l&rsquo;Est<\/li>\n<li>Des liens de parent\u00e9 compliqu\u00e9s<\/li>\n<li>Un large cercle de personnes ayant droit \u00e0 l&rsquo;h\u00e9ritage.<\/li>\n<li>Des enqu\u00eates qui remontent loin dans le temps. Les recherches sont notamment tr\u00e8s longues \u00e0 l&rsquo;\u00e9poque o\u00f9 les naissances ou les bapt\u00eames, les mariages et les d\u00e9c\u00e8s \u00e9taient consign\u00e9s dans les registres paroissiaux.<\/li>\n<\/ul>\n<p>[\/vc_column_text]    <\/div>\n<\/div><h3 class=\"clearfix qode-title-holder\">\n<span class=\"qode-tab-title\">\n\t    <span class=\"qode-tab-title-inner\">\n        Quand puis-je m&#039;attendre \u00e0 ce que la succession me soit vers\u00e9e?    <\/span>\n<\/span>\n<span class=\"qode-accordion-mark\">\n    <span class=\"qode-accordion-mark-icon\">\n        <span class=\"icon_plus\"><\/span>\n        <span class=\"icon_minus-06\"><\/span>\n    <\/span>\n<\/span>\n<\/h3>\n<div  class=\"qode-accordion-content \" >\n    <div class=\"qode-accordion-content-inner\">\n        [vc_column_text]L\u00e0 encore, de nombreuses questions peuvent surgir, sur lesquelles nous n&rsquo;avons parfois aucune influence :<\/p>\n<ul>\n<li>\u00c0 quel point les h\u00e9ritiers identifi\u00e9s sont-ils coop\u00e9ratifs ?<\/li>\n<li>Peut-on clore l&rsquo;enqu\u00eate rapidement ?<\/li>\n<li>Combien de temps dure la proc\u00e9dure de d\u00e9livrance d&rsquo;un certificat d&rsquo;h\u00e9ritier aupr\u00e8s du tribu-nal d&rsquo;instance comp\u00e9tent ?<\/li>\n<li>O\u00f9 la succession est-elle d\u00e9pos\u00e9e ? (service de d\u00e9p\u00f4t du tribunal d&rsquo;instance, \u00e9pargne aupr\u00e8s d&rsquo;un \u00e9tablissement de cr\u00e9dit, compte de d\u00e9p\u00f4t d&rsquo;un administrateur de succession)<\/li>\n<li>Dans quel d\u00e9lai l&rsquo;avoir successoral peut-il \u00eatre distribu\u00e9?<\/li>\n<\/ul>\n<p>[\/vc_column_text]    <\/div>\n<\/div><h3 class=\"clearfix qode-title-holder\">\n<span class=\"qode-tab-title\">\n\t    <span class=\"qode-tab-title-inner\">\n        Dois-je avancer les frais?    <\/span>\n<\/span>\n<span class=\"qode-accordion-mark\">\n    <span class=\"qode-accordion-mark-icon\">\n        <span class=\"icon_plus\"><\/span>\n        <span class=\"icon_minus-06\"><\/span>\n    <\/span>\n<\/span>\n<\/h3>\n<div  class=\"qode-accordion-content \" >\n    <div class=\"qode-accordion-content-inner\">\n        [vc_column_text]Non, cela est express\u00e9ment pr\u00e9vu dans notre convention d&rsquo;honoraires. Nous recevons nos honoraires au moment o\u00f9 vous recevez votre part d&rsquo;h\u00e9ritage. Ce n&rsquo;est que dans le cas d&rsquo;un partage de la succession que nous avons droit \u00e0 nos honoraires.[\/vc_column_text]    <\/div>\n<\/div><h3 class=\"clearfix qode-title-holder\">\n<span class=\"qode-tab-title\">\n\t    <span class=\"qode-tab-title-inner\">\n        Vous avez d&#039;autres questions?    <\/span>\n<\/span>\n<span class=\"qode-accordion-mark\">\n    <span class=\"qode-accordion-mark-icon\">\n        <span class=\"icon_plus\"><\/span>\n        <span class=\"icon_minus-06\"><\/span>\n    <\/span>\n<\/span>\n<\/h3>\n<div  class=\"qode-accordion-content \" >\n    <div class=\"qode-accordion-content-inner\">\n        [vc_column_text]Nous sommes \u00e0 votre disposition pour toute question suppl\u00e9mentaire.<\/p>\n<p><a href=\"\/fr\/kontakt\/\">N&rsquo;h\u00e9sitez pas \u00e0 prendre contact avec nous.<\/a>[\/vc_column_text]    <\/div>\n<\/div><\/div><div class=\"qode-accordion-holder clearfix qode-accordion qode-initial \">\n\t<\/div>[\/vc_column][\/vc_row]<\/p>\n<\/div>","protected":false},"excerpt":{"rendered":"<p>[vc_row css_animation=\u00a0\u00bb\u00a0\u00bb row_type=\u00a0\u00bbrow\u00a0\u00bb use_row_as_full_screen_section=\u00a0\u00bbno\u00a0\u00bb type=\u00a0\u00bbfull_width\u00a0\u00bb angled_section=\u00a0\u00bbno\u00a0\u00bb text_align=\u00a0\u00bbleft\u00a0\u00bb background_image_as_pattern=\u00a0\u00bbwithout_pattern\u00a0\u00bb padding_bottom=\u00a0\u00bb50&Prime; z_index=\u00a0\u00bb\u00a0\u00bb][vc_column][vc_column_text] Vous avez re\u00e7u du courrier ? FAQ [\/vc_column_text][vc_separator type=\u00a0\u00bbsmall\u00a0\u00bb position=\u00a0\u00bbleft\u00a0\u00bb down=\u00a0\u00bb40&Prime;][vc_single_image image=\u00a0\u00bb17106&Prime; img_size=\u00a0\u00bbfull\u00a0\u00bb qode_css_animation=\u00a0\u00bb\u00a0\u00bb css=\u00a0\u00bb.vc_custom_1673877959964{padding-bottom: 50px !important;}\u00a0\u00bb][\/vc_column][\/vc_row]<\/p>\n","protected":false},"author":1,"featured_media":0,"parent":0,"menu_order":0,"comment_status":"closed","ping_status":"closed","template":"","meta":{"footnotes":""},"class_list":["post-16073","page","type-page","status-publish","hentry"],"_links":{"self":[{"href":"https:\/\/www.erbenermittler-berlin.de\/fr\/wp-json\/wp\/v2\/pages\/16073","targetHints":{"allow":["GET"]}}],"collection":[{"href":"https:\/\/www.erbenermittler-berlin.de\/fr\/wp-json\/wp\/v2\/pages"}],"about":[{"href":"https:\/\/www.erbenermittler-berlin.de\/fr\/wp-json\/wp\/v2\/types\/page"}],"author":[{"embeddable":true,"href":"https:\/\/www.erbenermittler-berlin.de\/fr\/wp-json\/wp\/v2\/users\/1"}],"replies":[{"embeddable":true,"href":"https:\/\/www.erbenermittler-berlin.de\/fr\/wp-json\/wp\/v2\/comments?post=16073"}],"version-history":[{"count":6,"href":"https:\/\/www.erbenermittler-berlin.de\/fr\/wp-json\/wp\/v2\/pages\/16073\/revisions"}],"predecessor-version":[{"id":17155,"href":"https:\/\/www.erbenermittler-berlin.de\/fr\/wp-json\/wp\/v2\/pages\/16073\/revisions\/17155"}],"wp:attachment":[{"href":"https:\/\/www.erbenermittler-berlin.de\/fr\/wp-json\/wp\/v2\/media?parent=16073"}],"curies":[{"name":"wp","href":"https:\/\/api.w.org\/{rel}","templated":true}]}}