{"id":16079,"date":"2022-11-07T15:37:38","date_gmt":"2022-11-07T14:37:38","guid":{"rendered":"https:\/\/neu.erbenermittler-berlin.de\/home\/"},"modified":"2023-02-21T15:11:29","modified_gmt":"2023-02-21T14:11:29","slug":"home","status":"publish","type":"page","link":"https:\/\/www.erbenermittler-berlin.de\/fr\/","title":{"rendered":"Home &#8211; FR"},"content":{"rendered":"<div class=\"wpb-content-wrapper\"><p>[vc_row css_animation=\u00a0\u00bb\u00a0\u00bb row_type=\u00a0\u00bbrow\u00a0\u00bb use_row_as_full_screen_section=\u00a0\u00bbno\u00a0\u00bb type=\u00a0\u00bbfull_width\u00a0\u00bb angled_section=\u00a0\u00bbno\u00a0\u00bb text_align=\u00a0\u00bbleft\u00a0\u00bb background_image_as_pattern=\u00a0\u00bbwithout_pattern\u00a0\u00bb el_class=\u00a0\u00bbgallery_nav_right\u00a0\u00bb z_index=\u00a0\u00bb\u00a0\u00bb][vc_column width=\u00a0\u00bb1\/4&Prime; el_class=\u00a0\u00bbls-slider-left\u00a0\u00bb css=\u00a0\u00bb.vc_custom_1668090821187{padding-bottom: 25px !important;}\u00a0\u00bb][vc_column_text]<\/p>\n<h2>L&rsquo;oncle riche d&rsquo;Am\u00e9rique<\/h2>\n<p>[\/vc_column_text][vc_column_text]C&rsquo;est un clich\u00e9 qui ne devient que rarement r\u00e9alit\u00e9. Il est bien plus fr\u00e9quent de recevoir un h\u00e9ritage inesp\u00e9r\u00e9 apr\u00e8s des proches rest\u00e9s au pays et dont on ignore tout.<\/p>\n<p>C&rsquo;est l\u00e0 que nous intervenons et que nous trouvons les personnes l\u00e9galement habilit\u00e9es \u00e0 h\u00e9riter.<\/p>\n<p><strong>Peut-\u00eatre &#8211; esp\u00e9rons-le &#8211; est-ce vous !<\/strong>[\/vc_column_text][\/vc_column][vc_column width=\u00a0\u00bb3\/4&Prime;][vc_gallery interval=\u00a0\u00bb5&Prime; images=\u00a0\u00bb17118,17134,17122,17138,17130,17142&Prime; img_size=\u00a0\u00bbfull\u00a0\u00bb onclick=\u00a0\u00bb\u00a0\u00bb][\/vc_column][\/vc_row][vc_row css_animation=\u00a0\u00bb\u00a0\u00bb row_type=\u00a0\u00bbrow\u00a0\u00bb use_row_as_full_screen_section=\u00a0\u00bbno\u00a0\u00bb type=\u00a0\u00bbfull_width\u00a0\u00bb angled_section=\u00a0\u00bbno\u00a0\u00bb text_align=\u00a0\u00bbleft\u00a0\u00bb background_image_as_pattern=\u00a0\u00bbwithout_pattern\u00a0\u00bb][vc_column][vc_separator type=\u00a0\u00bbnormal\u00a0\u00bb thickness=\u00a0\u00bb2&Prime; up=\u00a0\u00bb0&Prime; down=\u00a0\u00bb0&Prime;][\/vc_column][\/vc_row][vc_row css_animation=\u00a0\u00bb\u00a0\u00bb row_type=\u00a0\u00bbrow\u00a0\u00bb use_row_as_full_screen_section=\u00a0\u00bbno\u00a0\u00bb type=\u00a0\u00bbfull_width\u00a0\u00bb angled_section=\u00a0\u00bbno\u00a0\u00bb text_align=\u00a0\u00bbleft\u00a0\u00bb background_image_as_pattern=\u00a0\u00bbwithout_pattern\u00a0\u00bb padding_top=\u00a0\u00bb66&Prime; padding_bottom=\u00a0\u00bb13&Prime;][vc_column width=\u00a0\u00bb1\/4&Prime;][vc_column_text]<\/p>\n<h3>Pourquoi nous ?<\/h3>\n<p>[\/vc_column_text][vc_separator type=\u00a0\u00bbsmall\u00a0\u00bb position=\u00a0\u00bbleft\u00a0\u00bb][vc_column_text]Chaque ann\u00e9e en Allemagne, des biens consid\u00e9rables sont laiss\u00e9s sans que les h\u00e9ritiers potentiels ne soient au courant de leur h\u00e9ritage.[\/vc_column_text][vc_separator type=\u00a0\u00bbtransparent\u00a0\u00bb up=\u00a0\u00bb84&Prime; down=\u00a0\u00bb0&Prime;][vc_column_text]<a href=\"\/fr\/erbenermittlung\/\">plus d&rsquo;infos\u00a0\u2192<\/a>[\/vc_column_text][vc_separator type=\u00a0\u00bbtransparent\u00a0\u00bb up=\u00a0\u00bb45&Prime; down=\u00a0\u00bb0&Prime;][\/vc_column][vc_column width=\u00a0\u00bb1\/4&Prime;][vc_column_text]<\/p>\n<h3>Notre service pour vous<\/h3>\n<p>[\/vc_column_text][vc_separator type=\u00a0\u00bbsmall\u00a0\u00bb position=\u00a0\u00bbleft\u00a0\u00bb][vc_column_text]Outre les enqu\u00eates sur les h\u00e9ritiers, nous vous aidons \u00e0 trouver des personnes, \u00e0 d\u00e9poser des demandes de certificat d&rsquo;h\u00e9ritier, des proc\u00e9dures de certificat d&rsquo;h\u00e9ritier et des rectifications du registre foncier.[\/vc_column_text][vc_separator type=\u00a0\u00bbtransparent\u00a0\u00bb up=\u00a0\u00bb39&Prime; down=\u00a0\u00bb0&Prime;][vc_column_text]<a href=\"\/fr\/service\/\">plus d&rsquo;infos\u00a0\u2192<\/a>[\/vc_column_text][vc_separator type=\u00a0\u00bbtransparent\u00a0\u00bb up=\u00a0\u00bb45&Prime; down=\u00a0\u00bb0&Prime;][\/vc_column][vc_column width=\u00a0\u00bb1\/4&Prime;][vc_column_text]<\/p>\n<h3>Foire aux questions<\/h3>\n<p>[\/vc_column_text][vc_separator type=\u00a0\u00bbsmall\u00a0\u00bb position=\u00a0\u00bbleft\u00a0\u00bb][vc_column_text]Nous r\u00e9pondons ici aux questions les plus fr\u00e9quentes sur le th\u00e8me de notre travail. N&rsquo;h\u00e9sitez pas \u00e0 nous contacter si vous avez d&rsquo;autres questions.[\/vc_column_text][vc_separator type=\u00a0\u00bbtransparent\u00a0\u00bb up=\u00a0\u00bb84&Prime; down=\u00a0\u00bb0&Prime;][vc_column_text]<a href=\"\/fr\/faq\/\">plus d&rsquo;infos\u00a0\u2192<\/a>[\/vc_column_text][vc_separator type=\u00a0\u00bbtransparent\u00a0\u00bb up=\u00a0\u00bb45&Prime; down=\u00a0\u00bb0&Prime;][\/vc_column][vc_column width=\u00a0\u00bb1\/4&Prime;][vc_column_text]<\/p>\n<h3>Prenez contact avec nous<\/h3>\n<p>[\/vc_column_text][vc_separator type=\u00a0\u00bbsmall\u00a0\u00bb position=\u00a0\u00bbleft\u00a0\u00bb][vc_column_text]Prenez contact avec nous et nous vous conseillerons volontiers lors d&rsquo;un premier entretien gratuit et obligatoire.[\/vc_column_text][vc_separator type=\u00a0\u00bbtransparent\u00a0\u00bb up=\u00a0\u00bb106&Prime; down=\u00a0\u00bb0&Prime;][vc_column_text]<a href=\"\/fr\/kontakt\/\">plus d&rsquo;infos\u00a0\u2192<\/a>[\/vc_column_text][vc_separator type=\u00a0\u00bbtransparent\u00a0\u00bb up=\u00a0\u00bb45&Prime; down=\u00a0\u00bb0&Prime;][\/vc_column][\/vc_row]<\/p>\n<\/div>","protected":false},"excerpt":{"rendered":"<p>[vc_row css_animation=\u00a0\u00bb\u00a0\u00bb row_type=\u00a0\u00bbrow\u00a0\u00bb use_row_as_full_screen_section=\u00a0\u00bbno\u00a0\u00bb type=\u00a0\u00bbfull_width\u00a0\u00bb angled_section=\u00a0\u00bbno\u00a0\u00bb text_align=\u00a0\u00bbleft\u00a0\u00bb background_image_as_pattern=\u00a0\u00bbwithout_pattern\u00a0\u00bb el_class=\u00a0\u00bbgallery_nav_right\u00a0\u00bb z_index=\u00a0\u00bb\u00a0\u00bb][vc_column width=\u00a0\u00bb1\/4&Prime; el_class=\u00a0\u00bbls-slider-left\u00a0\u00bb css=\u00a0\u00bb.vc_custom_1668090821187{padding-bottom: 25px !important;}\u00a0\u00bb][vc_column_text] L&rsquo;oncle riche d&rsquo;Am\u00e9rique [\/vc_column_text][vc_column_text]C&rsquo;est un clich\u00e9 qui ne devient que rarement r\u00e9alit\u00e9. Il est bien plus fr\u00e9quent de recevoir un h\u00e9ritage inesp\u00e9r\u00e9 apr\u00e8s des proches rest\u00e9s au pays et dont&#8230;<\/p>\n","protected":false},"author":1,"featured_media":0,"parent":0,"menu_order":0,"comment_status":"open","ping_status":"closed","template":"","meta":{"footnotes":""},"class_list":["post-16079","page","type-page","status-publish","hentry"],"_links":{"self":[{"href":"https:\/\/www.erbenermittler-berlin.de\/fr\/wp-json\/wp\/v2\/pages\/16079","targetHints":{"allow":["GET"]}}],"collection":[{"href":"https:\/\/www.erbenermittler-berlin.de\/fr\/wp-json\/wp\/v2\/pages"}],"about":[{"href":"https:\/\/www.erbenermittler-berlin.de\/fr\/wp-json\/wp\/v2\/types\/page"}],"author":[{"embeddable":true,"href":"https:\/\/www.erbenermittler-berlin.de\/fr\/wp-json\/wp\/v2\/users\/1"}],"replies":[{"embeddable":true,"href":"https:\/\/www.erbenermittler-berlin.de\/fr\/wp-json\/wp\/v2\/comments?post=16079"}],"version-history":[{"count":10,"href":"https:\/\/www.erbenermittler-berlin.de\/fr\/wp-json\/wp\/v2\/pages\/16079\/revisions"}],"predecessor-version":[{"id":17448,"href":"https:\/\/www.erbenermittler-berlin.de\/fr\/wp-json\/wp\/v2\/pages\/16079\/revisions\/17448"}],"wp:attachment":[{"href":"https:\/\/www.erbenermittler-berlin.de\/fr\/wp-json\/wp\/v2\/media?parent=16079"}],"curies":[{"name":"wp","href":"https:\/\/api.w.org\/{rel}","templated":true}]}}