{"id":16100,"date":"2022-11-09T11:03:58","date_gmt":"2022-11-09T10:03:58","guid":{"rendered":"https:\/\/neu.erbenermittler-berlin.de\/service\/"},"modified":"2023-01-16T15:10:43","modified_gmt":"2023-01-16T14:10:43","slug":"service","status":"publish","type":"page","link":"https:\/\/www.erbenermittler-berlin.de\/fr\/service\/","title":{"rendered":"Service &#8211; FR"},"content":{"rendered":"<div class=\"wpb-content-wrapper\"><p>[vc_row css_animation=\u00a0\u00bb\u00a0\u00bb row_type=\u00a0\u00bbrow\u00a0\u00bb use_row_as_full_screen_section=\u00a0\u00bbno\u00a0\u00bb type=\u00a0\u00bbfull_width\u00a0\u00bb angled_section=\u00a0\u00bbno\u00a0\u00bb text_align=\u00a0\u00bbleft\u00a0\u00bb background_image_as_pattern=\u00a0\u00bbwithout_pattern\u00a0\u00bb z_index=\u00a0\u00bb\u00a0\u00bb el_id=\u00a0\u00bbservice\u00a0\u00bb][vc_column][vc_column_text]<\/p>\n<h2>Notre service pour vous<\/h2>\n<p>[\/vc_column_text][vc_separator type=\u00a0\u00bbsmall\u00a0\u00bb position=\u00a0\u00bbleft\u00a0\u00bb down=\u00a0\u00bb40&Prime;][vc_single_image image=\u00a0\u00bb17102&Prime; img_size=\u00a0\u00bbfull\u00a0\u00bb qode_css_animation=\u00a0\u00bb\u00a0\u00bb css=\u00a0\u00bb.vc_custom_1673878227126{padding-bottom: 20px !important;}\u00a0\u00bb][vc_column_text]Outre la recherche d&rsquo;h\u00e9ritiers sur la base du succ\u00e8s, nous vous proposons \u00e9galement les<strong> services suivants<\/strong> :<\/p>\n<p>Nous travaillons \u00e9galement pour vous <strong>sur la base de tarifs horaires fixes<\/strong>, par exemple lorsque les h\u00e9ritiers sont connus mais qu&rsquo;il manque encore les documents d&rsquo;\u00e9tat civil n\u00e9cessaires <strong>pour prouver la qualit\u00e9 d&rsquo;h\u00e9ritier<\/strong>, etc.<\/p>\n<p>L&rsquo;obtention de documents \u00e0 l&rsquo;\u00e9tranger s&rsquo;av\u00e8re souvent difficile en raison des \u00ab\u00a0pertes de guerre\u00a0\u00bb, ainsi que des obstacles linguistiques et bureaucratiques. Dans ce cas, nous pouvons vous aider.<\/p>\n<p>Vous pouvez faire appel \u00e0 ce service aupr\u00e8s de :<\/p>\n<ul>\n<li>Rectifications du registre foncier<\/li>\n<li>Recherche de personnes en Suisse et \u00e0 l&rsquo;\u00e9tranger<\/li>\n<li>les proc\u00e9dures de certificat d&rsquo;h\u00e9ritier en cours<\/li>\n<li>&#8230;<\/li>\n<\/ul>\n<p>Nous \u00e9tablissons des rapports r\u00e9guliers sur l&rsquo;\u00e9tat d&rsquo;avancement des travaux ainsi qu&rsquo;un d\u00e9compte avec les justificatifs des d\u00e9penses et une liste du temps pass\u00e9.[\/vc_column_text][\/vc_column][\/vc_row][vc_row css_animation=\u00a0\u00bb\u00a0\u00bb row_type=\u00a0\u00bbrow\u00a0\u00bb use_row_as_full_screen_section=\u00a0\u00bbno\u00a0\u00bb type=\u00a0\u00bbfull_width\u00a0\u00bb angled_section=\u00a0\u00bbno\u00a0\u00bb text_align=\u00a0\u00bbleft\u00a0\u00bb background_image_as_pattern=\u00a0\u00bbwithout_pattern\u00a0\u00bb z_index=\u00a0\u00bb\u00a0\u00bb][vc_column][vc_separator type=\u00a0\u00bbnormal\u00a0\u00bb down=\u00a0\u00bb60&Prime; up=\u00a0\u00bb60&Prime; thickness=\u00a0\u00bb2&Prime;][\/vc_column][\/vc_row][vc_row css_animation=\u00a0\u00bb\u00a0\u00bb row_type=\u00a0\u00bbrow\u00a0\u00bb use_row_as_full_screen_section=\u00a0\u00bbno\u00a0\u00bb type=\u00a0\u00bbfull_width\u00a0\u00bb angled_section=\u00a0\u00bbno\u00a0\u00bb text_align=\u00a0\u00bbleft\u00a0\u00bb background_image_as_pattern=\u00a0\u00bbwithout_pattern\u00a0\u00bb z_index=\u00a0\u00bb\u00a0\u00bb][vc_column][vc_column_text]<\/p>\n<h2>G\u00e9n\u00e9alogie<\/h2>\n<p>[\/vc_column_text][vc_separator type=\u00a0\u00bbsmall\u00a0\u00bb position=\u00a0\u00bbleft\u00a0\u00bb down=\u00a0\u00bb40&Prime;][vc_column_text]<\/p>\n<ul>\n<li>Vous souhaitez faire des recherches approfondies sur l&rsquo;histoire de votre famille ?<\/li>\n<li>Trouver des parents encore inconnus en Belgique ou \u00e0 l&rsquo;\u00e9tranger ?<\/li>\n<li>Vous poss\u00e9dez des documents en manuscrits anciens et vous avez besoin d&rsquo;aide pour les d\u00e9chiffrer ?<\/li>\n<\/ul>\n<p>Nous mettons volontiers notre expertise \u00e0 votre disposition pour la recherche de vos anc\u00eatres.<\/p>\n<p>Indiquez-nous l&rsquo;\u00e9tendue du service demand\u00e9 et nous vous soumettrons volontiers <strong>une offre sans engagement<\/strong>.<\/p>\n<p>Nous proposons \u00e9galement la<strong> repr\u00e9sentation graphique de votre arbre g\u00e9n\u00e9alogique<\/strong>, par exemple comme cadeau.[\/vc_column_text][\/vc_column][\/vc_row][vc_row css_animation=\u00a0\u00bb\u00a0\u00bb row_type=\u00a0\u00bbrow\u00a0\u00bb use_row_as_full_screen_section=\u00a0\u00bbno\u00a0\u00bb type=\u00a0\u00bbfull_width\u00a0\u00bb angled_section=\u00a0\u00bbno\u00a0\u00bb text_align=\u00a0\u00bbleft\u00a0\u00bb background_image_as_pattern=\u00a0\u00bbwithout_pattern\u00a0\u00bb z_index=\u00a0\u00bb\u00a0\u00bb][vc_column][vc_separator type=\u00a0\u00bbnormal\u00a0\u00bb down=\u00a0\u00bb60&Prime; up=\u00a0\u00bb60&Prime; thickness=\u00a0\u00bb2&Prime;][\/vc_column][\/vc_row][vc_row css_animation=\u00a0\u00bb\u00a0\u00bb row_type=\u00a0\u00bbrow\u00a0\u00bb use_row_as_full_screen_section=\u00a0\u00bbno\u00a0\u00bb type=\u00a0\u00bbfull_width\u00a0\u00bb angled_section=\u00a0\u00bbno\u00a0\u00bb text_align=\u00a0\u00bbleft\u00a0\u00bb background_image_as_pattern=\u00a0\u00bbwithout_pattern\u00a0\u00bb padding_bottom=\u00a0\u00bb60&Prime; z_index=\u00a0\u00bb\u00a0\u00bb anchor=\u00a0\u00bbauftraggeber\u00a0\u00bb el_id=\u00a0\u00bbauftraggeber\u00a0\u00bb][vc_column][vc_column_text]<\/p>\n<h2>Mandant<\/h2>\n<p>[\/vc_column_text][vc_separator type=\u00a0\u00bbsmall\u00a0\u00bb position=\u00a0\u00bbleft\u00a0\u00bb down=\u00a0\u00bb40&Prime;][vc_single_image image=\u00a0\u00bb17110&Prime; img_size=\u00a0\u00bbfull\u00a0\u00bb qode_css_animation=\u00a0\u00bb\u00a0\u00bb css=\u00a0\u00bb.vc_custom_1673878237135{padding-bottom: 20px !important;}\u00a0\u00bb][vc_column_text]Nous sommes mandat\u00e9s par des tribunaux de succession, <strong>des administrateurs de succession<\/strong>, des ex\u00e9cuteurs testamentaires, des avocats, des tuteurs l\u00e9gaux, des h\u00e9ritiers et des cr\u00e9anciers de la succession, etc.<\/p>\n<p>En r\u00e8gle g\u00e9n\u00e9rale, notre travail est gratuit pour les tribunaux des successions et les administrateurs de succession. En cas de succ\u00e8s, nous concluons une convention d&rsquo;honoraires avec les h\u00e9ritiers que nous avons identifi\u00e9s.<\/p>\n<p>Nous pouvons vous assurer que nous ne l\u00e2cherons pas l&rsquo;affaire tant qu&rsquo;elle ne sera pas r\u00e9solue. Nous avons toujours men\u00e9 \u00e0 bien nos enqu\u00eates dans le monde entier et m\u00eame dans le quatri\u00e8me ordre successoral.<\/p>\n<p><strong>Les communaut\u00e9s d&rsquo;h\u00e9ritiers font \u00e9galement appel \u00e0 nous<\/strong> pour clarifier compl\u00e8tement la succession, pour identifier les diff\u00e9rents h\u00e9ritiers et pour obtenir des documents en Allemagne et \u00e0 l&rsquo;\u00e9tranger.<\/p>\n<p>Pour ces travaux exigeants, <strong>nous disposons de correspondants dans le monde entier<\/strong> qui effectuent pour nous des recherches d&rsquo;archives et entament des<strong> n\u00e9gociations sur place<\/strong> avec les h\u00e9ritiers identifi\u00e9s.<\/p>\n<p>Nous sommes conseill\u00e9s et assist\u00e9s par Me Avocat Lars Winkler, Bosestra\u00dfe 9, 08056 Zwickau, <a href=\"https:\/\/www.ra-lars-winkler.de\" target=\"_blank\" rel=\"noopener\">www.ra-lars-winkler.de<\/a>.<\/p>\n<p>Me Avocat Lars Winkler se charge en outre du paiement de la succession aux h\u00e9ritiers.<\/p>\n<p><a href=\"\/fr\/kontakt\/\">Vous avez des questions ? N&rsquo;h\u00e9sitez pas \u00e0 nous contacter.<\/a>[\/vc_column_text][\/vc_column][\/vc_row]<\/p>\n<\/div>","protected":false},"excerpt":{"rendered":"<p>[vc_row css_animation=\u00a0\u00bb\u00a0\u00bb row_type=\u00a0\u00bbrow\u00a0\u00bb use_row_as_full_screen_section=\u00a0\u00bbno\u00a0\u00bb type=\u00a0\u00bbfull_width\u00a0\u00bb angled_section=\u00a0\u00bbno\u00a0\u00bb text_align=\u00a0\u00bbleft\u00a0\u00bb background_image_as_pattern=\u00a0\u00bbwithout_pattern\u00a0\u00bb z_index=\u00a0\u00bb\u00a0\u00bb el_id=\u00a0\u00bbservice\u00a0\u00bb][vc_column][vc_column_text] Notre service pour vous [\/vc_column_text][vc_separator type=\u00a0\u00bbsmall\u00a0\u00bb position=\u00a0\u00bbleft\u00a0\u00bb down=\u00a0\u00bb40&Prime;][vc_single_image image=\u00a0\u00bb17102&Prime; img_size=\u00a0\u00bbfull\u00a0\u00bb qode_css_animation=\u00a0\u00bb\u00a0\u00bb css=\u00a0\u00bb.vc_custom_1673878227126{padding-bottom: 20px !important;}\u00a0\u00bb][vc_column_text]Outre la recherche d&rsquo;h\u00e9ritiers sur la base du succ\u00e8s, nous vous proposons \u00e9galement les services suivants : Nous travaillons \u00e9galement pour vous&#8230;<\/p>\n","protected":false},"author":1,"featured_media":0,"parent":0,"menu_order":0,"comment_status":"closed","ping_status":"closed","template":"","meta":{"footnotes":""},"class_list":["post-16100","page","type-page","status-publish","hentry"],"_links":{"self":[{"href":"https:\/\/www.erbenermittler-berlin.de\/fr\/wp-json\/wp\/v2\/pages\/16100","targetHints":{"allow":["GET"]}}],"collection":[{"href":"https:\/\/www.erbenermittler-berlin.de\/fr\/wp-json\/wp\/v2\/pages"}],"about":[{"href":"https:\/\/www.erbenermittler-berlin.de\/fr\/wp-json\/wp\/v2\/types\/page"}],"author":[{"embeddable":true,"href":"https:\/\/www.erbenermittler-berlin.de\/fr\/wp-json\/wp\/v2\/users\/1"}],"replies":[{"embeddable":true,"href":"https:\/\/www.erbenermittler-berlin.de\/fr\/wp-json\/wp\/v2\/comments?post=16100"}],"version-history":[{"count":9,"href":"https:\/\/www.erbenermittler-berlin.de\/fr\/wp-json\/wp\/v2\/pages\/16100\/revisions"}],"predecessor-version":[{"id":17163,"href":"https:\/\/www.erbenermittler-berlin.de\/fr\/wp-json\/wp\/v2\/pages\/16100\/revisions\/17163"}],"wp:attachment":[{"href":"https:\/\/www.erbenermittler-berlin.de\/fr\/wp-json\/wp\/v2\/media?parent=16100"}],"curies":[{"name":"wp","href":"https:\/\/api.w.org\/{rel}","templated":true}]}}