{"id":16103,"date":"2015-04-17T08:18:48","date_gmt":"2015-04-17T06:18:48","guid":{"rendered":"https:\/\/neu.erbenermittler-berlin.de\/team\/"},"modified":"2026-05-11T11:23:13","modified_gmt":"2026-05-11T09:23:13","slug":"kontakt","status":"publish","type":"page","link":"https:\/\/www.erbenermittler-berlin.de\/fr\/kontakt\/","title":{"rendered":"Kontakt &#8211; FR"},"content":{"rendered":"<div class=\"wpb-content-wrapper\"><p>[vc_row css_animation=\u00a0\u00bb\u00a0\u00bb row_type=\u00a0\u00bbrow\u00a0\u00bb use_row_as_full_screen_section=\u00a0\u00bbno\u00a0\u00bb type=\u00a0\u00bbfull_width\u00a0\u00bb angled_section=\u00a0\u00bbno\u00a0\u00bb text_align=\u00a0\u00bbleft\u00a0\u00bb background_image_as_pattern=\u00a0\u00bbwithout_pattern\u00a0\u00bb][vc_column][vc_column_text]<\/p>\n<h3 style=\"text-align: left;\">Contact<\/h3>\n<p>[\/vc_column_text][vc_separator type=\u00a0\u00bbsmall\u00a0\u00bb position=\u00a0\u00bbleft\u00a0\u00bb down=\u00a0\u00bb40&Prime;][\/vc_column][\/vc_row][vc_row css_animation=\u00a0\u00bb\u00a0\u00bb row_type=\u00a0\u00bbrow\u00a0\u00bb use_row_as_full_screen_section=\u00a0\u00bbno\u00a0\u00bb type=\u00a0\u00bbfull_width\u00a0\u00bb angled_section=\u00a0\u00bbno\u00a0\u00bb text_align=\u00a0\u00bbcenter\u00a0\u00bb background_image_as_pattern=\u00a0\u00bbwithout_pattern\u00a0\u00bb padding_bottom=\u00a0\u00bb50&Prime; z_index=\u00a0\u00bb\u00a0\u00bb][vc_column width=\u00a0\u00bb1\/4&Prime;][vc_single_image image=\u00a0\u00bb17278&Prime; img_size=\u00a0\u00bbfull\u00a0\u00bb qode_css_animation=\u00a0\u00bb\u00a0\u00bb][vc_separator type=\u00a0\u00bbtransparent\u00a0\u00bb up=\u00a0\u00bb30&Prime; down=\u00a0\u00bb0&Prime;][vc_column_text]<\/p>\n<h3 style=\"text-align: left;\">Coordonn\u00e9es<\/h3>\n<p>[\/vc_column_text][vc_separator type=\u00a0\u00bbsmall\u00a0\u00bb position=\u00a0\u00bbleft\u00a0\u00bb down=\u00a0\u00bb40&Prime;][vc_column_text css=\u00a0\u00bb\u00a0\u00bb]<\/p>\n<p style=\"text-align: left;\">Vous \u00eates administrateur de succession, ex\u00e9cuteur testamentaire, notaire ou vous avez besoin d&rsquo;aide en tant que particulier pour identifier des h\u00e9ritiers inconnus dans des cas de succession ? N&rsquo;h\u00e9sitez pas \u00e0 nous contacter. Gr\u00e2ce \u00e0 nos ann\u00e9es d&rsquo;exp\u00e9rience et de comp\u00e9tence dans le domaine de la recherche d&rsquo;h\u00e9ritiers, nous serons heureux de vous aider !<\/p>\n<p style=\"text-align: left;\"><strong>Erbenermittler Berlin<\/strong><br \/>\nMittlere Str. 19<br \/>\nD-59929 Brilon<\/p>\n<div class=\"column3 footer_col3\">\n<div class=\"column_inner\">\n<div id=\"text-3\" class=\"widget widget_text\">\n<div class=\"textwidget\" style=\"text-align: left;\"><a href=\"mailto:info@erbenermittler-berlin.de\">info@erbenermittler-berlin.de<\/a><br \/>\nTel. <a href=\"tel:+492961987763\">+49 (0)2961 987763<\/a><\/div>\n<\/div>\n<\/div>\n<\/div>\n<p>[\/vc_column_text][vc_empty_space height=\u00a0\u00bb40px\u00a0\u00bb][\/vc_column][vc_column width=\u00a0\u00bb1\/4&Prime;][vc_single_image image=\u00a0\u00bb17559&Prime; img_size=\u00a0\u00bbfull\u00a0\u00bb alignment=\u00a0\u00bbcenter\u00a0\u00bb css=\u00a0\u00bb\u00a0\u00bb qode_css_animation=\u00a0\u00bb\u00a0\u00bb transition_delay=\u00a0\u00bb0.4&Prime;][vc_separator type=\u00a0\u00bbtransparent\u00a0\u00bb up=\u00a0\u00bb30&Prime; down=\u00a0\u00bb0&Prime;][vc_column_text css=\u00a0\u00bb\u00a0\u00bb]<\/p>\n<h3 style=\"text-align: left;\">Marion Becker<br \/>\n<span style=\"font-weight: 300; font-size: 14px;\">Charg\u00e9e de dossier<br \/>\nLands de l&rsquo;Ouest<\/span><\/h3>\n<p>[\/vc_column_text][vc_separator type=\u00a0\u00bbsmall\u00a0\u00bb position=\u00a0\u00bbleft\u00a0\u00bb down=\u00a0\u00bb40&Prime;][vc_column_text css=\u00a0\u00bb\u00a0\u00bb]<\/p>\n<p style=\"text-align: left;\"><a href=\"mailto:becker@erbenermittler-berlin.de\">becker@erbenermittler-berlin.de<\/a><\/p>\n<p style=\"text-align: left;\">Recherche d&rsquo;h\u00e9ritiers depuis 2008<\/p>\n<p style=\"text-align: left;\"><strong>Langues \u00e9trang\u00e8res:<\/strong> anglais<\/p>\n<p style=\"text-align: left;\"><strong>Domaines de sp\u00e9cialisation:<\/strong> Allemagne, Rh\u00e9nanie-du-Nord-Westphalie, g\u00e9n\u00e9alogie des familles juives, Autriche, Pologne (anciennes provinces prussiennes de Sil\u00e9sie et de Prusse orientale et occidentale), \u00c9tats-Unis, R\u00e9publique tch\u00e8que (r\u00e9gion des Sud\u00e8tes)<\/p>\n<p>[\/vc_column_text][\/vc_column][vc_column width=\u00a0\u00bb1\/4&Prime;][vc_single_image image=\u00a0\u00bb17473&Prime; img_size=\u00a0\u00bbfull\u00a0\u00bb alignment=\u00a0\u00bbcenter\u00a0\u00bb qode_css_animation=\u00a0\u00bb\u00a0\u00bb transition_delay=\u00a0\u00bb0.4&Prime;][vc_separator type=\u00a0\u00bbtransparent\u00a0\u00bb up=\u00a0\u00bb30&Prime; down=\u00a0\u00bb0&Prime;][vc_column_text css=\u00a0\u00bb\u00a0\u00bb]<\/p>\n<h3 style=\"text-align: left;\">Andr\u00e9 Goerke<br \/>\n<span style=\"font-weight: 300; font-size: 14px;\">Charg\u00e9 de dossier<br \/>\nLands de l&rsquo;Est<\/span><\/h3>\n<p>[\/vc_column_text][vc_separator type=\u00a0\u00bbsmall\u00a0\u00bb position=\u00a0\u00bbleft\u00a0\u00bb down=\u00a0\u00bb40&Prime;][vc_column_text]<\/p>\n<p style=\"text-align: left;\"><a href=\"mailto:goerke@erbenermittler-berlin.de\">goerke@erbenermittler-berlin.de<\/a><\/p>\n<p style=\"text-align: left;\">N\u00e9 en 1967, g\u00e9n\u00e9alogiste depuis 1996<\/p>\n<p style=\"text-align: left;\"><strong>Langues \u00e9trang\u00e8res:<\/strong> anglais, fran\u00e7ais, russe<\/p>\n<p style=\"text-align: left;\"><strong>Domaines de sp\u00e9cialisation:<\/strong> Allemagne (Berlin, Allemagne centrale), anciens territoires de l&rsquo;Est de l&rsquo;actuelle Pologne, pays baltes, Ukraine, R\u00e9publique tch\u00e8que (Sud\u00e8tes), \u00c9tats-Unis, Canada, g\u00e9n\u00e9alogie.<\/p>\n<p>[\/vc_column_text][\/vc_column][vc_column width=\u00a0\u00bb1\/4&Prime;][vc_single_image image=\u00a0\u00bb17505&Prime; img_size=\u00a0\u00bbfull\u00a0\u00bb alignment=\u00a0\u00bbcenter\u00a0\u00bb css=\u00a0\u00bb\u00a0\u00bb qode_css_animation=\u00a0\u00bb\u00a0\u00bb transition_delay=\u00a0\u00bb0.4&Prime;][vc_separator type=\u00a0\u00bbtransparent\u00a0\u00bb up=\u00a0\u00bb30&Prime; down=\u00a0\u00bb0&Prime;][vc_column_text css=\u00a0\u00bb\u00a0\u00bb]<\/p>\n<h3 style=\"text-align: left;\">Martin Barg<\/h3>\n<p>[\/vc_column_text][vc_separator type=\u00a0\u00bbsmall\u00a0\u00bb position=\u00a0\u00bbleft\u00a0\u00bb down=\u00a0\u00bb40&Prime;][vc_column_text css=\u00a0\u00bb\u00a0\u00bb]<\/p>\n<p style=\"text-align: left;\"><a href=\"mailto:info@erbenermittler-berlin.de\">info@erbenermittler-berlin.de<\/a><\/p>\n<p style=\"text-align: left;\">G\u00e9n\u00e9alogiste depuis 1990<\/p>\n<p style=\"text-align: left;\"><strong>Langues \u00e9trang\u00e8res:<\/strong> anglais<\/p>\n<p style=\"text-align: left;\">Responsable du r\u00e8glement de la succession<\/p>\n<p>[\/vc_column_text][\/vc_column][\/vc_row]<\/p>\n<\/div>","protected":false},"excerpt":{"rendered":"<p>[vc_row css_animation=\u00a0\u00bb\u00a0\u00bb row_type=\u00a0\u00bbrow\u00a0\u00bb use_row_as_full_screen_section=\u00a0\u00bbno\u00a0\u00bb type=\u00a0\u00bbfull_width\u00a0\u00bb angled_section=\u00a0\u00bbno\u00a0\u00bb text_align=\u00a0\u00bbleft\u00a0\u00bb background_image_as_pattern=\u00a0\u00bbwithout_pattern\u00a0\u00bb][vc_column][vc_column_text] Contact [\/vc_column_text][vc_separator type=\u00a0\u00bbsmall\u00a0\u00bb position=\u00a0\u00bbleft\u00a0\u00bb down=\u00a0\u00bb40&Prime;][\/vc_column][\/vc_row][vc_row css_animation=\u00a0\u00bb\u00a0\u00bb row_type=\u00a0\u00bbrow\u00a0\u00bb use_row_as_full_screen_section=\u00a0\u00bbno\u00a0\u00bb type=\u00a0\u00bbfull_width\u00a0\u00bb angled_section=\u00a0\u00bbno\u00a0\u00bb text_align=\u00a0\u00bbcenter\u00a0\u00bb background_image_as_pattern=\u00a0\u00bbwithout_pattern\u00a0\u00bb padding_bottom=\u00a0\u00bb50&Prime; z_index=\u00a0\u00bb\u00a0\u00bb][vc_column width=\u00a0\u00bb1\/4&Prime;][vc_single_image image=\u00a0\u00bb17278&Prime; img_size=\u00a0\u00bbfull\u00a0\u00bb qode_css_animation=\u00a0\u00bb\u00a0\u00bb][vc_separator type=\u00a0\u00bbtransparent\u00a0\u00bb up=\u00a0\u00bb30&Prime; down=\u00a0\u00bb0&Prime;][vc_column_text] Coordonn\u00e9es [\/vc_column_text][vc_separator type=\u00a0\u00bbsmall\u00a0\u00bb position=\u00a0\u00bbleft\u00a0\u00bb down=\u00a0\u00bb40&Prime;][vc_column_text css=\u00a0\u00bb\u00a0\u00bb] Vous \u00eates administrateur de succession, ex\u00e9cuteur testamentaire, notaire ou vous&#8230;<\/p>\n","protected":false},"author":1,"featured_media":0,"parent":0,"menu_order":0,"comment_status":"open","ping_status":"closed","template":"","meta":{"footnotes":""},"class_list":["post-16103","page","type-page","status-publish","hentry"],"_links":{"self":[{"href":"https:\/\/www.erbenermittler-berlin.de\/fr\/wp-json\/wp\/v2\/pages\/16103","targetHints":{"allow":["GET"]}}],"collection":[{"href":"https:\/\/www.erbenermittler-berlin.de\/fr\/wp-json\/wp\/v2\/pages"}],"about":[{"href":"https:\/\/www.erbenermittler-berlin.de\/fr\/wp-json\/wp\/v2\/types\/page"}],"author":[{"embeddable":true,"href":"https:\/\/www.erbenermittler-berlin.de\/fr\/wp-json\/wp\/v2\/users\/1"}],"replies":[{"embeddable":true,"href":"https:\/\/www.erbenermittler-berlin.de\/fr\/wp-json\/wp\/v2\/comments?post=16103"}],"version-history":[{"count":10,"href":"https:\/\/www.erbenermittler-berlin.de\/fr\/wp-json\/wp\/v2\/pages\/16103\/revisions"}],"predecessor-version":[{"id":17563,"href":"https:\/\/www.erbenermittler-berlin.de\/fr\/wp-json\/wp\/v2\/pages\/16103\/revisions\/17563"}],"wp:attachment":[{"href":"https:\/\/www.erbenermittler-berlin.de\/fr\/wp-json\/wp\/v2\/media?parent=16103"}],"curies":[{"name":"wp","href":"https:\/\/api.w.org\/{rel}","templated":true}]}}