{"id":16109,"date":"2022-11-09T11:32:46","date_gmt":"2022-11-09T10:32:46","guid":{"rendered":"https:\/\/neu.erbenermittler-berlin.de\/warum-erbenermittlung\/"},"modified":"2023-02-06T12:01:02","modified_gmt":"2023-02-06T11:01:02","slug":"erbenermittlung","status":"publish","type":"page","link":"https:\/\/www.erbenermittler-berlin.de\/fr\/erbenermittlung\/","title":{"rendered":"Erbenermittlung &#8211; FR"},"content":{"rendered":"<div class=\"wpb-content-wrapper\"><p>[vc_row css_animation=\u00a0\u00bb\u00a0\u00bb row_type=\u00a0\u00bbrow\u00a0\u00bb use_row_as_full_screen_section=\u00a0\u00bbno\u00a0\u00bb type=\u00a0\u00bbfull_width\u00a0\u00bb angled_section=\u00a0\u00bbno\u00a0\u00bb text_align=\u00a0\u00bbleft\u00a0\u00bb background_image_as_pattern=\u00a0\u00bbwithout_pattern\u00a0\u00bb z_index=\u00a0\u00bb\u00a0\u00bb el_id=\u00a0\u00bbwarum\u00a0\u00bb][vc_column][vc_column_text]<\/p>\n<h2>Pourquoi une enqu\u00eate sur les h\u00e9ritiers ?<\/h2>\n<p>[\/vc_column_text][vc_separator type=\u00a0\u00bbsmall\u00a0\u00bb position=\u00a0\u00bbleft\u00a0\u00bb down=\u00a0\u00bb40&Prime;][vc_single_image image=\u00a0\u00bb17118&Prime; img_size=\u00a0\u00bbfull\u00a0\u00bb qode_css_animation=\u00a0\u00bb\u00a0\u00bb css=\u00a0\u00bb.vc_custom_1673877689362{padding-bottom: 20px !important;}\u00a0\u00bb][vc_column_text]Depuis 2008, notre \u00e9quipe enqu\u00eate ensemble avec succ\u00e8s sur des h\u00e9ritiers en Allemagne et \u00e0 l&rsquo;\u00e9tranger. Nous avons acquis des comp\u00e9tences particuli\u00e8res dans le domaine de l&rsquo;ancien pays des Sud\u00e8tes, des anciens territoires allemands de l&rsquo;Est et de l&rsquo;Autriche.<\/p>\n<p>Chaque ann\u00e9e en Allemagne, des <strong>biens consid\u00e9rables<\/strong> sont l\u00e9gu\u00e9s sans que les h\u00e9ritiers potentiels ne soient au courant de leur h\u00e9ritage.<\/p>\n<p>Les g\u00e9n\u00e9alogistes successoraux recherchent ces h\u00e9ritiers l\u00e9gaux inconnus. Si un d\u00e9funt d\u00e9c\u00e8de sans laisser de testament, la succession n&rsquo;est souvent pas claire. En raison des \u00e9v\u00e9nements dramatiques survenus pendant les deux guerres mondiales, de l&rsquo;immigration et de l&rsquo;\u00e9migration, des divorces, des enfants n\u00e9s hors mariage, etc., <strong>il est souvent difficile de retrouver les ayants droit \u00e0 la succession<\/strong>.<\/p>\n<p>Notre travail commence lorsque ni le tribunal comp\u00e9tent en mati\u00e8re de succession ni un administrateur de succession n&rsquo;ont r\u00e9ussi \u00e0 identifier des h\u00e9ritiers.<\/p>\n<p>Nous ne commen\u00e7ons \u00e0 enqu\u00eater que lorsque nous nous sommes assur\u00e9s qu&rsquo;il existe une <strong>succession de valeur<\/strong>. En cas de succ\u00e8s, nous concluons une convention d&rsquo;honoraires avec les h\u00e9ritiers que nous avons identifi\u00e9s.<\/p>\n<p>En Allemagne, la qualit\u00e9 d&rsquo;h\u00e9ritier est prouv\u00e9e par un certificat d&rsquo;h\u00e9ritier. Il ne suffit pas de prouver sa propre qualit\u00e9 d&rsquo;h\u00e9ritier. Il faut au contraire documenter <strong>sans faille les liens de parent\u00e9 complets<\/strong> du d\u00e9funt \u00e0 l&rsquo;aide de documents d&rsquo;\u00e9tat civil \u00e0 l&rsquo;intention du tribunal comp\u00e9tent en mati\u00e8re de succession.<\/p>\n<p>Nous nous chargeons de ces t\u00e2ches en cas de mandat. Nous<\/p>\n<ul>\n<li>se chargent de l&rsquo;\u00e9lucidation compl\u00e8te et de la documentation des liens familiaux<\/li>\n<li>d\u00e9terminent tous les ayants droit \u00e0 la succession,<\/li>\n<li>se procurent les documents d&rsquo;\u00e9tat civil n\u00e9cessaires en Allemagne et \u00e0 l&rsquo;\u00e9tranger, y compris la surl\u00e9galisation (apostille\/l\u00e9galisation) et<\/li>\n<li>pr\u00e9parent la demande de certificat d&rsquo;h\u00e9ritier pour qu&rsquo;elle soit authentifi\u00e9e par le notaire.<\/li>\n<\/ul>\n<p>Vous ne devez vous occuper de rien.[\/vc_column_text][\/vc_column][\/vc_row][vc_row css_animation=\u00a0\u00bb\u00a0\u00bb row_type=\u00a0\u00bbrow\u00a0\u00bb use_row_as_full_screen_section=\u00a0\u00bbno\u00a0\u00bb type=\u00a0\u00bbfull_width\u00a0\u00bb angled_section=\u00a0\u00bbno\u00a0\u00bb text_align=\u00a0\u00bbleft\u00a0\u00bb background_image_as_pattern=\u00a0\u00bbwithout_pattern\u00a0\u00bb z_index=\u00a0\u00bb\u00a0\u00bb][vc_column][vc_separator type=\u00a0\u00bbnormal\u00a0\u00bb down=\u00a0\u00bb60&Prime; up=\u00a0\u00bb60&Prime; thickness=\u00a0\u00bb2&Prime;][\/vc_column][\/vc_row][vc_row css_animation=\u00a0\u00bb\u00a0\u00bb row_type=\u00a0\u00bbrow\u00a0\u00bb use_row_as_full_screen_section=\u00a0\u00bbno\u00a0\u00bb type=\u00a0\u00bbfull_width\u00a0\u00bb angled_section=\u00a0\u00bbno\u00a0\u00bb text_align=\u00a0\u00bbleft\u00a0\u00bb background_image_as_pattern=\u00a0\u00bbwithout_pattern\u00a0\u00bb z_index=\u00a0\u00bb\u00a0\u00bb el_id=\u00a0\u00bbkosten\u00a0\u00bb][vc_column][vc_column_text]<\/p>\n<h2>Co\u00fbts<\/h2>\n<p>[\/vc_column_text][vc_separator type=\u00a0\u00bbsmall\u00a0\u00bb position=\u00a0\u00bbleft\u00a0\u00bb down=\u00a0\u00bb40&Prime;][vc_single_image image=\u00a0\u00bb17126&Prime; img_size=\u00a0\u00bbfull\u00a0\u00bb qode_css_animation=\u00a0\u00bb\u00a0\u00bb css=\u00a0\u00bb.vc_custom_1673877699846{padding-bottom: 20px !important;}\u00a0\u00bb][vc_column_text]Nous agissons \u00e0 nos propres risques \u00e9conomiques et, en cas de succ\u00e8s, nous concluons <strong>une convention d&rsquo;honoraires<\/strong> avec les h\u00e9ritiers identifi\u00e9s. Nos honoraires ne sont <strong>dus qu&rsquo;en cas de succ\u00e8s<\/strong> et comprennent \u00e9galement les frais pour les actes d&rsquo;\u00e9tat civil n\u00e9cessaires, pour la proc\u00e9dure de certificat d&rsquo;h\u00e9ritier et pour la remise ult\u00e9rieure de la succession.<\/p>\n<p>Les h\u00e9ritiers ne doivent <strong>pas faire d&rsquo;avance financi\u00e8re<\/strong>.<\/p>\n<p>Les honoraires de r\u00e9ussite ne sont dus<strong> qu&rsquo;au moment du paiement<\/strong> de votre part d&rsquo;h\u00e9ritage et peuvent \u00eatre d\u00e9duits des droits de succession.[\/vc_column_text][\/vc_column][\/vc_row][vc_row css_animation=\u00a0\u00bb\u00a0\u00bb row_type=\u00a0\u00bbrow\u00a0\u00bb use_row_as_full_screen_section=\u00a0\u00bbno\u00a0\u00bb type=\u00a0\u00bbfull_width\u00a0\u00bb angled_section=\u00a0\u00bbno\u00a0\u00bb text_align=\u00a0\u00bbleft\u00a0\u00bb background_image_as_pattern=\u00a0\u00bbwithout_pattern\u00a0\u00bb z_index=\u00a0\u00bb\u00a0\u00bb][vc_column][vc_separator type=\u00a0\u00bbnormal\u00a0\u00bb down=\u00a0\u00bb60&Prime; up=\u00a0\u00bb60&Prime; thickness=\u00a0\u00bb2&Prime;][\/vc_column][\/vc_row][vc_row css_animation=\u00a0\u00bb\u00a0\u00bb row_type=\u00a0\u00bbrow\u00a0\u00bb use_row_as_full_screen_section=\u00a0\u00bbno\u00a0\u00bb type=\u00a0\u00bbfull_width\u00a0\u00bb angled_section=\u00a0\u00bbno\u00a0\u00bb text_align=\u00a0\u00bbleft\u00a0\u00bb background_image_as_pattern=\u00a0\u00bbwithout_pattern\u00a0\u00bb z_index=\u00a0\u00bb\u00a0\u00bb anchor=\u00a0\u00bbrechtsprechung\u00a0\u00bb el_id=\u00a0\u00bbrecht\u00a0\u00bb][vc_column][vc_column_text]<\/p>\n<h2>La recherche d&rsquo;h\u00e9ritiers dans la jurisprudence<\/h2>\n<p>[\/vc_column_text][vc_separator type=\u00a0\u00bbsmall\u00a0\u00bb position=\u00a0\u00bbleft\u00a0\u00bb down=\u00a0\u00bb40&Prime;][vc_single_image image=\u00a0\u00bb17114&Prime; img_size=\u00a0\u00bbfull\u00a0\u00bb qode_css_animation=\u00a0\u00bb\u00a0\u00bb css=\u00a0\u00bb.vc_custom_1673877710365{padding-bottom: 20px !important;}\u00a0\u00bb][vc_column_text]Le droit de succession est garanti par l&rsquo;article 14 de la Loi fondamentale :<\/p>\n<p>Art. 14, premi\u00e8re phrase<\/p>\n<p>La propri\u00e9t\u00e9 et le droit de succession sont garantis. Le contenu et les limites sont d\u00e9termin\u00e9s par les lois.<\/p>\n<p>Des r\u00e8gles pr\u00e9cises se trouvent dans les \u00a7\u00a7 1922 \u00e0 2385 du BGB (Code civil allemand).<\/p>\n<p><strong>La n\u00e9cessit\u00e9 de conclure une convention d&rsquo;honoraires<\/strong> entre les h\u00e9ritiers et le m\u00e9diateur successoral a \u00e9t\u00e9 \u00e9tablie par la plus haute juridiction :<\/p>\n<p>BGH, arr\u00eat du 23.09.1999 (r\u00e9f\u00e9rence III ZR 323\/98), NJW 2000, 72 et suiv.<br \/>\nBGH, d\u00e9cision du 23.02.2006 (r\u00e9f\u00e9rence : III ZR 209\/05)<\/p>\n<p>\u00ab\u00a0Celui qui recherche des h\u00e9ritiers inconnus \u00e0 titre professionnel n&rsquo;a pas de droits l\u00e9gaux \u00e0 r\u00e9mun\u00e9ration contre les h\u00e9ritiers qu&rsquo;il a trouv\u00e9s, sur la base de la gestion d&rsquo;affaires sans mandat ou de l&rsquo;enrichissement sans cause. Le chasseur d&rsquo;h\u00e9ritiers ne peut pr\u00e9tendre \u00e0 une r\u00e9mun\u00e9ration que s&rsquo;il conclut un accord de r\u00e9mun\u00e9ration avec l&rsquo;h\u00e9ritier. C&rsquo;est pourquoi les entreprises de recherche d&rsquo;h\u00e9ritiers sont incit\u00e9es \u00e0 \u00ab\u00a0vendre\u00a0\u00bb les r\u00e9sultats de leurs recherches aux ayants droit \u00e0 la succession en concluant un accord de r\u00e9mun\u00e9ration\u00a0\u00bb.<\/p>\n<p>De m\u00eame, les tribunaux se sont pench\u00e9s sur <strong>le montant admissible des honoraires<\/strong> :<\/p>\n<ul>\n<li><strong>LG Potsdam, jugement du 07.10.2008 (Az. 6 O 128\/08)<\/strong><br \/>\n\u00ab\u00a0Le tribunal suit la jurisprudence de la Cour f\u00e9d\u00e9rale de justice et des tribunaux sup\u00e9rieurs, selon laquelle des honoraires allant jusqu&rsquo;\u00e0 30 % du montant net de la succession sont raisonnables pour les activit\u00e9s de recherche d&rsquo;h\u00e9ritiers\u00a0\u00bb.<\/li>\n<li><strong>OLG Brandenburg, jugement du 20.05.2008 (<a href=\"https:\/\/openjur.de\/u\/278001.html\" target=\"_blank\" rel=\"noopener\">Az. 11 U 157\/07<\/a>), ZErb 2008, 278 et suivantes <\/strong><br \/>\n\u00ab\u00a0Pour d\u00e9terminer si les honoraires d&rsquo;un enqu\u00eateur successoral sont raisonnables, on peut se r\u00e9f\u00e9rer aux usages, sachant qu&rsquo;il est d&rsquo;usage de convenir d&rsquo;honoraires pouvant atteindre 30 % de la succession\u00a0\u00bb.<\/li>\n<li><strong>LG Aachen, jugement du 20.12.2007 (Az. : 9 O 301\/07)<\/strong><br \/>\n\u00ab\u00a0Sur la validit\u00e9 d&rsquo;une convention d&rsquo;honoraires entre un enqu\u00eateur successoral et l&rsquo;h\u00e9ritier \u00e0 hauteur de 28 % de la succession, TVA en sus\u00a0\u00bb.<\/li>\n<li><strong>Kammergericht Berlin, jugement du 05.11.2001 (Az. 26 U 10301\/00)<\/strong><br \/>\n\u00ab\u00a0Sur la validit\u00e9 d&rsquo;une convention d&rsquo;honoraires entre le m\u00e9diateur successoral et l&rsquo;h\u00e9ritier \u00e0 hauteur de 25 % de la succession, TVA en sus\u00a0\u00bb.<\/li>\n<li><strong>LG Darmstadt, jugement du 29.06.2000 (Az. 13 O 15\/99), NJW-RR 2001, 1015 f.<\/strong><br \/>\n\u00ab\u00a0Le contrat conclu entre un chasseur d&rsquo;h\u00e9ritiers et un h\u00e9ritier qu&rsquo;il a trouv\u00e9, portant sur 30 %, plus la TVA, des biens qui lui reviennent de la succession, est valable\u00a0\u00bb.<\/li>\n<\/ul>\n<p>[\/vc_column_text][\/vc_column][\/vc_row][vc_row css_animation=\u00a0\u00bb\u00a0\u00bb row_type=\u00a0\u00bbrow\u00a0\u00bb use_row_as_full_screen_section=\u00a0\u00bbno\u00a0\u00bb type=\u00a0\u00bbfull_width\u00a0\u00bb angled_section=\u00a0\u00bbno\u00a0\u00bb text_align=\u00a0\u00bbleft\u00a0\u00bb background_image_as_pattern=\u00a0\u00bbwithout_pattern\u00a0\u00bb z_index=\u00a0\u00bb\u00a0\u00bb][vc_column][vc_separator type=\u00a0\u00bbnormal\u00a0\u00bb down=\u00a0\u00bb60&Prime; up=\u00a0\u00bb60&Prime; thickness=\u00a0\u00bb2&Prime;][\/vc_column][\/vc_row][vc_row css_animation=\u00a0\u00bb\u00a0\u00bb row_type=\u00a0\u00bbrow\u00a0\u00bb use_row_as_full_screen_section=\u00a0\u00bbno\u00a0\u00bb type=\u00a0\u00bbfull_width\u00a0\u00bb angled_section=\u00a0\u00bbno\u00a0\u00bb text_align=\u00a0\u00bbleft\u00a0\u00bb background_image_as_pattern=\u00a0\u00bbwithout_pattern\u00a0\u00bb padding_bottom=\u00a0\u00bb60&Prime; z_index=\u00a0\u00bb\u00a0\u00bb anchor=\u00a0\u00bbmedien\u00a0\u00bb el_id=\u00a0\u00bbmedien\u00a0\u00bb][vc_column][vc_column_text]<\/p>\n<h2>&#8230; et dans les m\u00e9dias<\/h2>\n<p>[\/vc_column_text][vc_separator type=\u00a0\u00bbsmall\u00a0\u00bb position=\u00a0\u00bbleft\u00a0\u00bb down=\u00a0\u00bb40&Prime;][vc_single_image image=\u00a0\u00bb17138&Prime; img_size=\u00a0\u00bbfull\u00a0\u00bb qode_css_animation=\u00a0\u00bb\u00a0\u00bb css=\u00a0\u00bb.vc_custom_1673877722486{padding-bottom: 20px !important;}\u00a0\u00bb][vc_column_text]<a href=\"https:\/\/www.prosieben.de\/tv\/galileo\/videos\/2009-die-erbenermittler-clip\" target=\"_blank\" rel=\"noopener\">Les enqu\u00eateurs sur les h\u00e9ritiers chez Galileo sur ProSieben<\/a><\/p>\n<p><a href=\"https:\/\/www.youtube.com\/watch?v=MXMP6qn63jk SWR\" target=\"_blank\" rel=\"noopener\">L&rsquo;enqu\u00eatrice sur les h\u00e9ritiers : ce qui reste de la vie | Mensch Leute | SWR Fernsehen<\/a><\/p>\n<p><a href=\"https:\/\/www.youtube.com\/watch?v=EuLlDkv8HPk ZDF\" target=\"_blank\" rel=\"noopener\">Reportage ZDF Die Erben-Ermittler : Quand le d\u00e9tective de la succession sonne \u00e0 la porte<\/a><\/p>\n<p><a href=\"https:\/\/www.rbb24.de\/panorama\/beitrag\/2022\/04\/tod-erben-erbenermittler-detektiv-familie.html\" target=\"_blank\" rel=\"noopener\">rbb24: Interview | L&rsquo;enqu\u00eateur sur les h\u00e9ritiers parle de son travail<\/a>[\/vc_column_text][\/vc_column][\/vc_row]<\/p>\n<\/div>","protected":false},"excerpt":{"rendered":"<p>[vc_row css_animation=\u00a0\u00bb\u00a0\u00bb row_type=\u00a0\u00bbrow\u00a0\u00bb use_row_as_full_screen_section=\u00a0\u00bbno\u00a0\u00bb type=\u00a0\u00bbfull_width\u00a0\u00bb angled_section=\u00a0\u00bbno\u00a0\u00bb text_align=\u00a0\u00bbleft\u00a0\u00bb background_image_as_pattern=\u00a0\u00bbwithout_pattern\u00a0\u00bb z_index=\u00a0\u00bb\u00a0\u00bb el_id=\u00a0\u00bbwarum\u00a0\u00bb][vc_column][vc_column_text] Pourquoi une enqu\u00eate sur les h\u00e9ritiers ? [\/vc_column_text][vc_separator type=\u00a0\u00bbsmall\u00a0\u00bb position=\u00a0\u00bbleft\u00a0\u00bb down=\u00a0\u00bb40&Prime;][vc_single_image image=\u00a0\u00bb17118&Prime; img_size=\u00a0\u00bbfull\u00a0\u00bb qode_css_animation=\u00a0\u00bb\u00a0\u00bb css=\u00a0\u00bb.vc_custom_1673877689362{padding-bottom: 20px !important;}\u00a0\u00bb][vc_column_text]Depuis 2008, notre \u00e9quipe enqu\u00eate ensemble avec succ\u00e8s sur des h\u00e9ritiers en Allemagne et \u00e0 l&rsquo;\u00e9tranger. Nous avons acquis&#8230;<\/p>\n","protected":false},"author":1,"featured_media":0,"parent":0,"menu_order":0,"comment_status":"closed","ping_status":"closed","template":"","meta":{"footnotes":""},"class_list":["post-16109","page","type-page","status-publish","hentry"],"_links":{"self":[{"href":"https:\/\/www.erbenermittler-berlin.de\/fr\/wp-json\/wp\/v2\/pages\/16109","targetHints":{"allow":["GET"]}}],"collection":[{"href":"https:\/\/www.erbenermittler-berlin.de\/fr\/wp-json\/wp\/v2\/pages"}],"about":[{"href":"https:\/\/www.erbenermittler-berlin.de\/fr\/wp-json\/wp\/v2\/types\/page"}],"author":[{"embeddable":true,"href":"https:\/\/www.erbenermittler-berlin.de\/fr\/wp-json\/wp\/v2\/users\/1"}],"replies":[{"embeddable":true,"href":"https:\/\/www.erbenermittler-berlin.de\/fr\/wp-json\/wp\/v2\/comments?post=16109"}],"version-history":[{"count":10,"href":"https:\/\/www.erbenermittler-berlin.de\/fr\/wp-json\/wp\/v2\/pages\/16109\/revisions"}],"predecessor-version":[{"id":17400,"href":"https:\/\/www.erbenermittler-berlin.de\/fr\/wp-json\/wp\/v2\/pages\/16109\/revisions\/17400"}],"wp:attachment":[{"href":"https:\/\/www.erbenermittler-berlin.de\/fr\/wp-json\/wp\/v2\/media?parent=16109"}],"curies":[{"name":"wp","href":"https:\/\/api.w.org\/{rel}","templated":true}]}}