{"id":16074,"date":"2022-11-09T09:54:51","date_gmt":"2022-11-09T08:54:51","guid":{"rendered":"https:\/\/neu.erbenermittler-berlin.de\/faq\/"},"modified":"2023-01-16T15:06:33","modified_gmt":"2023-01-16T14:06:33","slug":"faq","status":"publish","type":"page","link":"https:\/\/www.erbenermittler-berlin.de\/pl\/faq\/","title":{"rendered":"FAQ &#8211; PL"},"content":{"rendered":"<div class=\"wpb-content-wrapper\"><p>[vc_row css_animation=&#8221;&#8221; row_type=&#8221;row&#8221; use_row_as_full_screen_section=&#8221;no&#8221; type=&#8221;full_width&#8221; angled_section=&#8221;no&#8221; text_align=&#8221;left&#8221; background_image_as_pattern=&#8221;without_pattern&#8221; padding_bottom=&#8221;50&#8243; z_index=&#8221;&#8221;][vc_column][vc_column_text]<\/p>\n<h2>Dosta\u0142e\u015b poczt\u0119? FAQ<\/h2>\n<p>[\/vc_column_text][vc_separator type=&#8221;small&#8221; position=&#8221;left&#8221; down=&#8221;40&#8243;][vc_single_image image=&#8221;17107&#8243; img_size=&#8221;full&#8221; qode_css_animation=&#8221;&#8221; css=&#8221;.vc_custom_1673877987722{padding-bottom: 50px !important;}&#8221;]<div class=\"qode-accordion-holder clearfix qode-toggle qode-initial \">\n\t<h3 class=\"clearfix qode-title-holder\">\n<span class=\"qode-tab-title\">\n\t    <span class=\"qode-tab-title-inner\">\n        Dlaczego otrzyma\u0142em poczt\u0119 od ``Erbenermittler Berlin``?    <\/span>\n<\/span>\n<span class=\"qode-accordion-mark\">\n    <span class=\"qode-accordion-mark-icon\">\n        <span class=\"icon_plus\"><\/span>\n        <span class=\"icon_minus-06\"><\/span>\n    <\/span>\n<\/span>\n<\/h3>\n<div  class=\"qode-accordion-content \" >\n    <div class=\"qode-accordion-content-inner\">\n        [vc_column_text]Rozpocz\u0119li\u015bmy dochodzenie w sprawie probierczej i zidentyfikowali\u015bmy Pana\/Pani\u0105 jako potencjaln\u0105 osob\u0119 uprawnion\u0105 do dziedziczenia. Z tego powodu przes\u0142ali\u015bmy Pa\u0144stwu umow\u0119 i pe\u0142nomocnictwo. Tw\u00f3j status jako spadkobiercy mo\u017ce ustali\u0107 jedynie s\u0105d probierczy po przeprowadzeniu post\u0119powania wyja\u015bniaj\u0105cego w sprawie o wydanie aktu po\u015bwiadczenia dziedziczenia.[\/vc_column_text]    <\/div>\n<\/div><h3 class=\"clearfix qode-title-holder\">\n<span class=\"qode-tab-title\">\n\t    <span class=\"qode-tab-title-inner\">\n        Kto mo\u017ce mi udzieli\u0107 informacji o ``Erbenermittler Berlin``?    <\/span>\n<\/span>\n<span class=\"qode-accordion-mark\">\n    <span class=\"qode-accordion-mark-icon\">\n        <span class=\"icon_plus\"><\/span>\n        <span class=\"icon_minus-06\"><\/span>\n    <\/span>\n<\/span>\n<\/h3>\n<div  class=\"qode-accordion-content \" >\n    <div class=\"qode-accordion-content-inner\">\n        [vc_column_text]Zapytanie w biurze handlowym lub biurze zam\u00f3wie\u0144 publicznych w miejscu zamieszkania danego kolegi. Informacje te s\u0105 jednak zazwyczaj odp\u0142atne. Nie ma prawa do informacji.<\/p>\n<p>Mo\u017cesz r\u00f3wnie\u017c skontaktowa\u0107 si\u0119 z w\u0142a\u015bciwym dla Ciebie komisariatem policji. Tw\u00f3j komisariat skontaktuje si\u0119 z policj\u0105 w miejscu zamieszkania danego kolegi. Dzi\u0119ki temu mo\u017cesz mie\u0107 pewno\u015b\u0107, \u017ce masz do czynienia z renomowan\u0105 firm\u0105.[\/vc_column_text]    <\/div>\n<\/div><h3 class=\"clearfix qode-title-holder\">\n<span class=\"qode-tab-title\">\n\t    <span class=\"qode-tab-title-inner\">\n        Dlaczego dopiero teraz badamy sprawy, w kt\u00f3rych zmar\u0142y nie \u017cyje od wielu lat?    <\/span>\n<\/span>\n<span class=\"qode-accordion-mark\">\n    <span class=\"qode-accordion-mark-icon\">\n        <span class=\"icon_plus\"><\/span>\n        <span class=\"icon_minus-06\"><\/span>\n    <\/span>\n<\/span>\n<\/h3>\n<div  class=\"qode-accordion-content \" >\n    <div class=\"qode-accordion-content-inner\">\n        [vc_column_text]Cz\u0119sto w\u0142a\u015bciwy s\u0105d probacyjny lub w\u0142a\u015bciwy kurator spadku wszczyna\u0142 post\u0119powania wyja\u015bniaj\u0105ce, kt\u00f3re okaza\u0142y si\u0119 bezskuteczne. Czasami \u015bledztwa s\u0105 tak skomplikowane, \u017ce do ich zako\u0144czenia mog\u0105 doprowadzi\u0107 tylko eksperci. Z tego powodu zlecono nam w\u00f3wczas przej\u0119cie dochodze\u0144.[\/vc_column_text]    <\/div>\n<\/div><h3 class=\"clearfix qode-title-holder\">\n<span class=\"qode-tab-title\">\n\t    <span class=\"qode-tab-title-inner\">\n        Czy mog\u0119 dziedziczy\u0107 d\u0142ugi?    <\/span>\n<\/span>\n<span class=\"qode-accordion-mark\">\n    <span class=\"qode-accordion-mark-icon\">\n        <span class=\"icon_plus\"><\/span>\n        <span class=\"icon_minus-06\"><\/span>\n    <\/span>\n<\/span>\n<\/h3>\n<div  class=\"qode-accordion-content \" >\n    <div class=\"qode-accordion-content-inner\">\n        [vc_column_text]W nasze badania inwestujemy du\u017co czasu i pieni\u0119dzy. Dlatego zanim zaczniemy badania, upewniamy si\u0119, \u017ce osiedle jest pozytywne. Dowiadujemy si\u0119 r\u00f3wnie\u017c o sk\u0142adzie spadku (lokaty bankowe czy \u015brodki trwa\u0142e).<\/p>\n<p>W naszym w\u0142asnym interesie jest ustalenie tylko w przypadku maj\u0105tk\u00f3w warto\u015bciowych. W przeciwnym razie partycypowaliby\u015bmy w d\u0142ugach procentowo zgodnie z umow\u0105.[\/vc_column_text]    <\/div>\n<\/div><h3 class=\"clearfix qode-title-holder\">\n<span class=\"qode-tab-title\">\n\t    <span class=\"qode-tab-title-inner\">\n        Dlaczego nie udziela si\u0119 mi informacji o osobie zmar\u0142ej i w\u0142a\u015bciwym s\u0105dzie probierczym?    <\/span>\n<\/span>\n<span class=\"qode-accordion-mark\">\n    <span class=\"qode-accordion-mark-icon\">\n        <span class=\"icon_plus\"><\/span>\n        <span class=\"icon_minus-06\"><\/span>\n    <\/span>\n<\/span>\n<\/h3>\n<div  class=\"qode-accordion-content \" >\n    <div class=\"qode-accordion-content-inner\">\n        [vc_column_text]W ten spos\u00f3b chcemy zapewni\u0107, \u017ce nasza praca zostanie nagrodzona.<\/p>\n<p>Nasze wynagrodzenie otrzymujemy tylko wtedy, gdy zawrzemy umow\u0119 o honorarium ze wskazanymi spadkobiercami. Nasze wynagrodzenie otrzymujemy w momencie podzia\u0142u maj\u0105tku. Je\u015bli nasze dochodzenia nie przynios\u0105 rezultat\u00f3w, nasza praca posz\u0142a na marne.[\/vc_column_text]    <\/div>\n<\/div><h3 class=\"clearfix qode-title-holder\">\n<span class=\"qode-tab-title\">\n\t    <span class=\"qode-tab-title-inner\">\n        Dlaczego dochodzenia trwaj\u0105 tak d\u0142ugo?    <\/span>\n<\/span>\n<span class=\"qode-accordion-mark\">\n    <span class=\"qode-accordion-mark-icon\">\n        <span class=\"icon_plus\"><\/span>\n        <span class=\"icon_minus-06\"><\/span>\n    <\/span>\n<\/span>\n<\/h3>\n<div  class=\"qode-accordion-content \" >\n    <div class=\"qode-accordion-content-inner\">\n        [vc_column_text]Wiele czynnik\u00f3w odgrywa tu rol\u0119:<\/p>\n<ul>\n<li>Dochodzenia, pozyskiwanie dokument\u00f3w i \u015bledzenie os\u00f3b za granic\u0105 lub na by\u0142ych nie-mieckich terenach wschodnich<\/li>\n<li>Skomplikowane relacje rodzinne<\/li>\n<li>Du\u017cy kr\u0105g os\u00f3b uprawnionych do dziedziczenia.<\/li>\n<li>\u015aledztwa si\u0119gaj\u0105ce daleko w przesz\u0142o\u015b\u0107. W szczeg\u00f3lno\u015bci badania w czasach, gdy urodzenia lub chrzty, ma\u0142\u017ce\u0144stwa i zgony by\u0142y dokumentowane w aktach ko\u015bcielnych, s\u0105 bardzo d\u0142ugotrwa\u0142e.<\/li>\n<\/ul>\n<p>[\/vc_column_text]    <\/div>\n<\/div><h3 class=\"clearfix qode-title-holder\">\n<span class=\"qode-tab-title\">\n\t    <span class=\"qode-tab-title-inner\">\n        Kiedy mog\u0119 spodziewa\u0107 si\u0119 podzia\u0142u maj\u0105tku dla mnie?    <\/span>\n<\/span>\n<span class=\"qode-accordion-mark\">\n    <span class=\"qode-accordion-mark-icon\">\n        <span class=\"icon_plus\"><\/span>\n        <span class=\"icon_minus-06\"><\/span>\n    <\/span>\n<\/span>\n<\/h3>\n<div  class=\"qode-accordion-content \" >\n    <div class=\"qode-accordion-content-inner\">\n        [vc_column_text]Tutaj r\u00f3wnie\u017c mo\u017ce pojawi\u0107 si\u0119 wiele pyta\u0144, na niekt\u00f3re z nich nie mamy wp\u0142ywu:<\/p>\n<ul>\n<li>Na ile zidentyfikowani spadkobiercy s\u0105 sk\u0142onni do wsp\u00f3\u0142pracy?<\/li>\n<li>Czy mo\u017cemy szybko zako\u0144czy\u0107 \u015bledztwo?<\/li>\n<li>Jak d\u0142ugo trwa post\u0119powanie o wydanie aktu po\u015bwiadczenia dziedziczenia we w\u0142a\u015bciwym s\u0105dzie rejonowym?<\/li>\n<li>Gdzie sk\u0142adany jest maj\u0105tek? (Depozyt s\u0105du rejonowego, rachunek oszcz\u0119dno\u015bciowy w instytucji kredytowej, rachunek powierniczy kuratora spadku)<\/li>\n<li>Jak szybko mo\u017cna dokona\u0107 podzia\u0142u maj\u0105tku spadkowego?<\/li>\n<\/ul>\n<p>[\/vc_column_text]    <\/div>\n<\/div><h3 class=\"clearfix qode-title-holder\">\n<span class=\"qode-tab-title\">\n\t    <span class=\"qode-tab-title-inner\">\n        Czy musz\u0119 p\u0142aci\u0107 z g\u00f3ry?    <\/span>\n<\/span>\n<span class=\"qode-accordion-mark\">\n    <span class=\"qode-accordion-mark-icon\">\n        <span class=\"icon_plus\"><\/span>\n        <span class=\"icon_minus-06\"><\/span>\n    <\/span>\n<\/span>\n<\/h3>\n<div  class=\"qode-accordion-content \" >\n    <div class=\"qode-accordion-content-inner\">\n        [vc_column_text]Nie, jest to wyra\u017anie uregulowane w naszej umowie o honorarium. Nasze wynagrodzenie otrzymujemy w momencie otrzymania przez Pa\u0144stwa udzia\u0142u w spadku. Nasze wynagrodzenie przys\u0142uguje nam tylko w przypadku podzia\u0142u maj\u0105tku.[\/vc_column_text]    <\/div>\n<\/div><h3 class=\"clearfix qode-title-holder\">\n<span class=\"qode-tab-title\">\n\t    <span class=\"qode-tab-title-inner\">\n        Czy ma pan jeszcze jakie\u015b pytania?    <\/span>\n<\/span>\n<span class=\"qode-accordion-mark\">\n    <span class=\"qode-accordion-mark-icon\">\n        <span class=\"icon_plus\"><\/span>\n        <span class=\"icon_minus-06\"><\/span>\n    <\/span>\n<\/span>\n<\/h3>\n<div  class=\"qode-accordion-content \" >\n    <div class=\"qode-accordion-content-inner\">\n        [vc_column_text]Ch\u0119tnie odpowiemy na wszelkie dalsze pytania.<\/p>\n<p><a href=\"\/pl\/kontakt\/\">Prosimy o kontakt z nami.<\/a>[\/vc_column_text]    <\/div>\n<\/div><\/div><div class=\"qode-accordion-holder clearfix qode-accordion qode-initial \">\n\t<\/div>[\/vc_column][\/vc_row]<\/p>\n<\/div>","protected":false},"excerpt":{"rendered":"<p>[vc_row css_animation=&#8221;&#8221; row_type=&#8221;row&#8221; use_row_as_full_screen_section=&#8221;no&#8221; type=&#8221;full_width&#8221; angled_section=&#8221;no&#8221; text_align=&#8221;left&#8221; background_image_as_pattern=&#8221;without_pattern&#8221; padding_bottom=&#8221;50&#8243; z_index=&#8221;&#8221;][vc_column][vc_column_text] Dosta\u0142e\u015b poczt\u0119? FAQ [\/vc_column_text][vc_separator type=&#8221;small&#8221; position=&#8221;left&#8221; down=&#8221;40&#8243;][vc_single_image image=&#8221;17107&#8243; img_size=&#8221;full&#8221; qode_css_animation=&#8221;&#8221; css=&#8221;.vc_custom_1673877987722{padding-bottom: 50px !important;}&#8221;][\/vc_column][\/vc_row]<\/p>\n","protected":false},"author":1,"featured_media":0,"parent":0,"menu_order":0,"comment_status":"closed","ping_status":"closed","template":"","meta":{"footnotes":""},"class_list":["post-16074","page","type-page","status-publish","hentry"],"_links":{"self":[{"href":"https:\/\/www.erbenermittler-berlin.de\/pl\/wp-json\/wp\/v2\/pages\/16074","targetHints":{"allow":["GET"]}}],"collection":[{"href":"https:\/\/www.erbenermittler-berlin.de\/pl\/wp-json\/wp\/v2\/pages"}],"about":[{"href":"https:\/\/www.erbenermittler-berlin.de\/pl\/wp-json\/wp\/v2\/types\/page"}],"author":[{"embeddable":true,"href":"https:\/\/www.erbenermittler-berlin.de\/pl\/wp-json\/wp\/v2\/users\/1"}],"replies":[{"embeddable":true,"href":"https:\/\/www.erbenermittler-berlin.de\/pl\/wp-json\/wp\/v2\/comments?post=16074"}],"version-history":[{"count":8,"href":"https:\/\/www.erbenermittler-berlin.de\/pl\/wp-json\/wp\/v2\/pages\/16074\/revisions"}],"predecessor-version":[{"id":17156,"href":"https:\/\/www.erbenermittler-berlin.de\/pl\/wp-json\/wp\/v2\/pages\/16074\/revisions\/17156"}],"wp:attachment":[{"href":"https:\/\/www.erbenermittler-berlin.de\/pl\/wp-json\/wp\/v2\/media?parent=16074"}],"curies":[{"name":"wp","href":"https:\/\/api.w.org\/{rel}","templated":true}]}}