{"id":16080,"date":"2022-11-07T15:37:38","date_gmt":"2022-11-07T14:37:38","guid":{"rendered":"https:\/\/neu.erbenermittler-berlin.de\/home\/"},"modified":"2023-02-21T15:12:58","modified_gmt":"2023-02-21T14:12:58","slug":"home","status":"publish","type":"page","link":"https:\/\/www.erbenermittler-berlin.de\/pl\/","title":{"rendered":"Home &#8211; PL"},"content":{"rendered":"<div class=\"wpb-content-wrapper\"><p>[vc_row css_animation=&#8221;&#8221; row_type=&#8221;row&#8221; use_row_as_full_screen_section=&#8221;no&#8221; type=&#8221;full_width&#8221; angled_section=&#8221;no&#8221; text_align=&#8221;left&#8221; background_image_as_pattern=&#8221;without_pattern&#8221; el_class=&#8221;gallery_nav_right&#8221; z_index=&#8221;&#8221;][vc_column width=&#8221;1\/4&#8243; el_class=&#8221;ls-slider-left&#8221; css=&#8221;.vc_custom_1668090821187{padding-bottom: 25px !important;}&#8221;][vc_column_text]<\/p>\n<h2>La recherche d&#8217;h\u00e9ritiers est pour vous un livre aux sept sceaux?<\/h2>\n<p>[\/vc_column_text][vc_column_text]Pas de probl\u00e8me&#8230;<\/p>\n<p>Visitez notre site web et apprenez-en plus sur notre travail passionnant.<\/p>\n<p><strong>Peut-\u00eatre allons-nous VOUS aider \u00e0 obtenir un h\u00e9ritage inesp\u00e9r\u00e9.<\/strong>[\/vc_column_text][\/vc_column][vc_column width=&#8221;3\/4&#8243;][vc_gallery interval=&#8221;5&#8243; images=&#8221;17119,17135,17123,17139,17131,17143&#8243; img_size=&#8221;full&#8221; onclick=&#8221;&#8221;][\/vc_column][\/vc_row][vc_row css_animation=&#8221;&#8221; row_type=&#8221;row&#8221; use_row_as_full_screen_section=&#8221;no&#8221; type=&#8221;full_width&#8221; angled_section=&#8221;no&#8221; text_align=&#8221;left&#8221; background_image_as_pattern=&#8221;without_pattern&#8221;][vc_column][vc_separator type=&#8221;normal&#8221; thickness=&#8221;2&#8243; up=&#8221;0&#8243; down=&#8221;0&#8243;][\/vc_column][\/vc_row][vc_row css_animation=&#8221;&#8221; row_type=&#8221;row&#8221; use_row_as_full_screen_section=&#8221;no&#8221; type=&#8221;full_width&#8221; angled_section=&#8221;no&#8221; text_align=&#8221;left&#8221; background_image_as_pattern=&#8221;without_pattern&#8221; padding_top=&#8221;66&#8243; padding_bottom=&#8221;13&#8243;][vc_column width=&#8221;1\/4&#8243;][vc_column_text]<\/p>\n<h3>Dlaczego my?<\/h3>\n<p>[\/vc_column_text][vc_separator type=&#8221;small&#8221; position=&#8221;left&#8221;][vc_column_text]Ka\u017cdego roku w Niemczech pozostawia si\u0119 znaczny maj\u0105tek bez wiedzy potencjalnych spadkobierc\u00f3w o jego dziedziczeniu.[\/vc_column_text][vc_separator type=&#8221;transparent&#8221; up=&#8221;83&#8243; down=&#8221;0&#8243;][vc_column_text]<a href=\"\/pl\/erbenermittlung\/\">wi\u0119cej informacji\u00a0\u2192<\/a><\/p>\n<p>[\/vc_column_text][vc_separator type=&#8221;transparent&#8221; up=&#8221;45&#8243; down=&#8221;0&#8243;][\/vc_column][vc_column width=&#8221;1\/4&#8243;][vc_column_text]<\/p>\n<h3>Nasz serwis<\/h3>\n<p>[\/vc_column_text][vc_separator type=&#8221;small&#8221; position=&#8221;left&#8221;][vc_column_text]Opr\u00f3cz poszukiwa\u0144 spadkobierc\u00f3w mo\u017cemy pom\u00f3c w poszukiwaniach osobowych, wnioskach o wydanie akt\u00f3w po\u015bwiadczenia dziedziczenia, post\u0119powaniach o wydanie akt\u00f3w po\u015bwiadczenia dziedziczenia oraz sprostowaniach ksi\u0105g wieczystych.[\/vc_column_text][vc_separator type=&#8221;transparent&#8221; up=&#8221;17&#8243; down=&#8221;0&#8243;][vc_column_text]<a href=\"\/pl\/service\/\">wi\u0119cej informacji\u00a0\u2192<\/a>[\/vc_column_text][vc_separator type=&#8221;transparent&#8221; up=&#8221;45&#8243; down=&#8221;0&#8243;][\/vc_column][vc_column width=&#8221;1\/4&#8243;][vc_column_text]<\/p>\n<h3>Cz\u0119sto zadawane pytania<\/h3>\n<p>[\/vc_column_text][vc_separator type=&#8221;small&#8221; position=&#8221;left&#8221;][vc_column_text]Tutaj odpowiadamy na najcz\u0119\u015bciej zadawane pytania dotycz\u0105ce naszej pracy. W razie jakichkolwiek dodatkowych pyta\u0144 prosimy o kontakt.[\/vc_column_text][vc_separator type=&#8221;transparent&#8221; up=&#8221;83&#8243; down=&#8221;0&#8243;][vc_column_text]<a href=\"\/pl\/faq\/\">wi\u0119cej informacji\u00a0\u2192<\/a>[\/vc_column_text][vc_separator type=&#8221;transparent&#8221; up=&#8221;45&#8243; down=&#8221;0&#8243;][\/vc_column][vc_column width=&#8221;1\/4&#8243;][vc_column_text]<\/p>\n<h3>Skontaktuj si\u0119 z nami<\/h3>\n<p>[\/vc_column_text][vc_separator type=&#8221;small&#8221; position=&#8221;left&#8221;][vc_column_text]Skontaktuj si\u0119 z nami, a ch\u0119tnie doradzimy Ci w ramach bezp\u0142atnej i wi\u0105\u017c\u0105cej konsultacji wst\u0119pnej.[\/vc_column_text][vc_separator type=&#8221;transparent&#8221; up=&#8221;105&#8243; down=&#8221;0&#8243;][vc_column_text]<a href=\"\/pl\/kontakt\/\">wi\u0119cej informacji\u00a0\u2192<\/a>[\/vc_column_text][vc_separator type=&#8221;transparent&#8221; up=&#8221;45&#8243; down=&#8221;0&#8243;][\/vc_column][\/vc_row]<\/p>\n<\/div>","protected":false},"excerpt":{"rendered":"<p>[vc_row css_animation=&#8221;&#8221; row_type=&#8221;row&#8221; use_row_as_full_screen_section=&#8221;no&#8221; type=&#8221;full_width&#8221; angled_section=&#8221;no&#8221; text_align=&#8221;left&#8221; background_image_as_pattern=&#8221;without_pattern&#8221; el_class=&#8221;gallery_nav_right&#8221; z_index=&#8221;&#8221;][vc_column width=&#8221;1\/4&#8243; el_class=&#8221;ls-slider-left&#8221; css=&#8221;.vc_custom_1668090821187{padding-bottom: 25px !important;}&#8221;][vc_column_text] La recherche d&#8217;h\u00e9ritiers est pour vous un livre aux sept sceaux? [\/vc_column_text][vc_column_text]Pas de probl\u00e8me&#8230; Visitez notre site web et apprenez-en plus sur notre travail passionnant. Peut-\u00eatre allons-nous VOUS aider \u00e0&#8230;<\/p>\n","protected":false},"author":1,"featured_media":0,"parent":0,"menu_order":0,"comment_status":"open","ping_status":"closed","template":"","meta":{"footnotes":""},"class_list":["post-16080","page","type-page","status-publish","hentry"],"_links":{"self":[{"href":"https:\/\/www.erbenermittler-berlin.de\/pl\/wp-json\/wp\/v2\/pages\/16080","targetHints":{"allow":["GET"]}}],"collection":[{"href":"https:\/\/www.erbenermittler-berlin.de\/pl\/wp-json\/wp\/v2\/pages"}],"about":[{"href":"https:\/\/www.erbenermittler-berlin.de\/pl\/wp-json\/wp\/v2\/types\/page"}],"author":[{"embeddable":true,"href":"https:\/\/www.erbenermittler-berlin.de\/pl\/wp-json\/wp\/v2\/users\/1"}],"replies":[{"embeddable":true,"href":"https:\/\/www.erbenermittler-berlin.de\/pl\/wp-json\/wp\/v2\/comments?post=16080"}],"version-history":[{"count":10,"href":"https:\/\/www.erbenermittler-berlin.de\/pl\/wp-json\/wp\/v2\/pages\/16080\/revisions"}],"predecessor-version":[{"id":17449,"href":"https:\/\/www.erbenermittler-berlin.de\/pl\/wp-json\/wp\/v2\/pages\/16080\/revisions\/17449"}],"wp:attachment":[{"href":"https:\/\/www.erbenermittler-berlin.de\/pl\/wp-json\/wp\/v2\/media?parent=16080"}],"curies":[{"name":"wp","href":"https:\/\/api.w.org\/{rel}","templated":true}]}}