{"id":16092,"date":"2022-11-09T16:07:50","date_gmt":"2022-11-09T15:07:50","guid":{"rendered":"https:\/\/neu.erbenermittler-berlin.de\/impressum\/"},"modified":"2026-03-30T15:04:13","modified_gmt":"2026-03-30T13:04:13","slug":"impressum","status":"publish","type":"page","link":"https:\/\/www.erbenermittler-berlin.de\/pl\/impressum\/","title":{"rendered":"Impressum &#8211; PL"},"content":{"rendered":"<div class=\"wpb-content-wrapper\"><p>[vc_row css_animation=&#8221;&#8221; row_type=&#8221;row&#8221; use_row_as_full_screen_section=&#8221;no&#8221; type=&#8221;full_width&#8221; angled_section=&#8221;no&#8221; text_align=&#8221;left&#8221; background_image_as_pattern=&#8221;without_pattern&#8221; padding_bottom=&#8221;50&#8243; z_index=&#8221;&#8221;][vc_column][vc_column_text]<\/p>\n<h2>Nadruk<\/h2>\n<p>[\/vc_column_text][vc_separator type=&#8221;small&#8221; position=&#8221;left&#8221; down=&#8221;40&#8243;][vc_single_image image=&#8221;17119&#8243; img_size=&#8221;full&#8221; css=&#8221;.vc_custom_1674141691045{padding-bottom: 50px !important;}&#8221; qode_css_animation=&#8221;&#8221;][vc_column_text css=&#8221;&#8221;]<\/p>\n<h2>Erbenermittler Berlin<\/h2>\n<p>[\/vc_column_text][vc_separator type=&#8221;small&#8221; position=&#8221;left&#8221; down=&#8221;40&#8243;][vc_column_text css=&#8221;&#8221;]<\/p>\n<div class=\"wpb_text_column wpb_content_element \">\n<div class=\"wpb_wrapper\">Martin Barg<br \/>\nMittlere Str. 19<br \/>\nD-59929 Brilon<\/p>\n<h5>Kontakt:<\/h5>\n<p>Tel. +49 (0)2961 987763<br \/>\n<a href=\"mailto:info@erbenermittler-berlin.de\">info@erbenermittler-berlin.de<\/a><\/p>\n<h5>Odpowiedzialno\u015b\u0107 redakcyjna:<\/h5>\n<p>Martin Barg<\/p>\n<h5>Rozwi\u0105zywanie spor\u00f3w w UE:<\/h5>\n<p>Komisja Europejska udost\u0119pnia platform\u0119 do rozwi\u0105zywania spor\u00f3w online (OS): <a href=\"https:\/\/ec.europa.eu\/consumers\/odr\" target=\"_blank\" rel=\"noopener\">https:\/\/ec.europa.eu\/consumers\/odr<\/a>.<br \/>\nNasz adres e-mail znajduje si\u0119 w g\u00f3rnej cz\u0119\u015bci tego nadruku.<\/p>\n<h5>Rozstrzyganie spor\u00f3w konsumenckich\/Uniwersalny Serwis Rozstrzygania Spor\u00f3w:<\/h5>\n<p>Nie mamy ochoty ani obowi\u0105zku uczestniczy\u0107 w post\u0119powaniu w sprawie rozstrzygania spor\u00f3w przed polubownym s\u0105dem konsumenckim.<\/p>\n<\/div>\n<\/div>\n<p>[\/vc_column_text][vc_separator type=&#8221;normal&#8221; down=&#8221;60&#8243; thickness=&#8221;2&#8243; up=&#8221;60&#8243;][vc_column_text]<\/p>\n<h2>O\u015bwiadczenie<\/h2>\n<p>[\/vc_column_text][vc_separator type=&#8221;small&#8221; position=&#8221;left&#8221; down=&#8221;40&#8243;][vc_column_text]<\/p>\n<div class=\"wpb_text_column wpb_content_element \">\n<div class=\"wpb_wrapper\">\n<h5>Odpowiedzialno\u015b\u0107 za zawarto\u015b\u0107<\/h5>\n<p>Jako us\u0142ugodawca jeste\u015bmy odpowiedzialni za w\u0142asne tre\u015bci na tych stronach zgodnie z og\u00f3lnymi przepisami \u00a7 7 ust. 1 niemieckiej ustawy o telemediach (TMG). Zgodnie z \u00a7\u00a7 8 do 10 TMG nie jeste\u015bmy jednak zobowi\u0105zani jako us\u0142ugodawca do monitorowania przesy\u0142anych lub przechowywanych informacji os\u00f3b trzecich ani do badania okoliczno\u015bci wskazuj\u0105cych na nielegaln\u0105 dzia\u0142alno\u015b\u0107.<\/p>\n<p>Zobowi\u0105zania do usuni\u0119cia lub zablokowania wykorzystania informacji zgodnie z og\u00f3lnymi przepisami prawa pozostaj\u0105 nienaruszone. Odpowiedzialno\u015b\u0107 w tym zakresie jest jednak mo\u017cliwa dopiero od momentu powzi\u0119cia wiadomo\u015bci o konkretnym naruszeniu prawa. Je\u015bli dowiemy si\u0119 o takich naruszeniach, natychmiast usuniemy odpowiednie tre\u015bci.<\/p>\n<h5>Odpowiedzialno\u015b\u0107 za linki<\/h5>\n<p>Nasza strona zawiera linki do zewn\u0119trznych stron internetowych os\u00f3b trzecich, na kt\u00f3rych tre\u015b\u0107 nie mamy wp\u0142ywu. Dlatego nie mo\u017cemy przej\u0105\u0107 \u017cadnej odpowiedzialno\u015bci za te zewn\u0119trzne tre\u015bci. Za tre\u015b\u0107 stron, do kt\u00f3rych prowadz\u0105 linki, odpowiada zawsze dany oferent lub operator tych stron. Podlinkowane strony zosta\u0142y sprawdzone pod k\u0105tem ewentualnych narusze\u0144 prawa w momencie umieszczania link\u00f3w. Nielegalne tre\u015bci nie by\u0142y rozpoznawalne w momencie linkowania.<\/p>\n<p>Sta\u0142e monitorowanie tre\u015bci stron, do kt\u00f3rych prowadz\u0105 linki, nie jest jednak uzasadnione bez konkretnych przes\u0142anek wskazuj\u0105cych na naruszenie prawa. W przypadku powzi\u0119cia informacji o naruszeniu prawa, niezw\u0142ocznie usuniemy takie linki.<\/p>\n<h5>Copyright<\/h5>\n<p>Tre\u015bci i dzie\u0142a stworzone przez operator\u00f3w stron na tych stronach podlegaj\u0105 niemieckiemu prawu autorskiemu. Powielanie, przetwarzanie, rozpowszechnianie lub jakakolwiek forma komercjalizacji takich materia\u0142\u00f3w wykraczaj\u0105ca poza zakres prawa autorskiego wymaga uprzedniej pisemnej zgody ich autora lub tw\u00f3rcy. Pobieranie i kopiowanie tej strony jest dozwolone tylko do prywatnego, niekomercyjnego u\u017cytku.<\/p>\n<p>O ile tre\u015bci zawarte na tej stronie nie zosta\u0142y stworzone przez operatora, przestrzegane s\u0105 prawa autorskie os\u00f3b trzecich. W szczeg\u00f3lno\u015bci tre\u015bci os\u00f3b trzecich s\u0105 oznaczone jako takie. Je\u015bli mimo to dowiedz\u0105 si\u0119 Pa\u0144stwo o naruszeniu praw autorskich, prosimy o poinformowanie nas o tym. Je\u015bli dowiemy si\u0119 o jakichkolwiek naruszeniach, natychmiast usuniemy takie tre\u015bci.<\/p>\n<\/div>\n<\/div>\n<p>[\/vc_column_text][vc_separator type=&#8221;normal&#8221; down=&#8221;60&#8243; thickness=&#8221;2&#8243; up=&#8221;60&#8243;][vc_column_text]<\/p>\n<h2>Zdj\u0119cia<\/h2>\n<p>[\/vc_column_text][vc_separator type=&#8221;small&#8221; position=&#8221;left&#8221; down=&#8221;40&#8243;][vc_column_text]<\/p>\n<div class=\"wpb_text_column wpb_content_element \">\n<div class=\"wpb_wrapper\">\n<p>\u00a9 Lenar Nigmatullin \/ <a href=\"https:\/\/www.shutterstock.com\/de\/image-photo\/woman-middle-age-long-blonde-hair-2114502575\" target=\"_blank\" rel=\"noopener\">shutterstock.com<\/a><\/p>\n<p>\u00a9 New Africa \/ <a href=\"https:\/\/www.shutterstock.com\/de\/image-photo\/papers-family-tree-templates-pencil-photos-2015494451\" target=\"_blank\" rel=\"noopener\">shutterstock.com<\/a><\/p>\n<p>\u00a9 sutadimages \/ <a href=\"https:\/\/www.shutterstock.com\/de\/image-photo\/negotiating-businessimage-businesswomen-handshakinghappy-work-woman-528642268\" target=\"_blank\" rel=\"noopener\">shutterstock.com<\/a><\/p>\n<p>\u00a9 New Africa \/ <a href=\"https:\/\/www.shutterstock.com\/de\/image-photo\/vintage-notary-stamp-document-on-wooden-1854804313\" target=\"_blank\" rel=\"noopener\">shutterstock.com<\/a><\/p>\n<p>\u00a9 Pormezz \/ <a href=\"https:\/\/www.shutterstock.com\/de\/image-photo\/tax-deduction-planning-concept-businessman-calculating-1950583951\" target=\"_blank\" rel=\"noopener\">shutterstock.com<\/a><\/p>\n<p>\u00a9 Kittyfly \/ <a href=\"https:\/\/www.shutterstock.com\/de\/image-photo\/stack-vintage-photos-baby-photography-50s-1933046846\" target=\"_blank\" rel=\"noopener\">shutterstock.com<\/a><\/p>\n<p>\u00a9 fizkes \/ <a href=\"https:\/\/www.shutterstock.com\/de\/image-photo\/portrait-happy-small-teen-boy-look-2025270317\" target=\"_blank\" rel=\"noopener\">shutterstock.com<\/a><\/p>\n<p>\u00a9 Burdun Iliya \/ <a href=\"https:\/\/www.shutterstock.com\/de\/image-photo\/notarys-public-pen-stamp-on-testament-711012538\" target=\"_blank\" rel=\"noopener\">shutterstock.com<\/a><\/p>\n<p>\u00a9 tostphoto \/ <a href=\"https:\/\/www.shutterstock.com\/de\/image-illustration\/infinite-question-marks-on-white-gray-752113054\" target=\"_blank\" rel=\"noopener\">shutterstock.com<\/a><\/p>\n<p>\u00a9 mapo_japan \/ <a href=\"https:\/\/www.shutterstock.com\/de\/image-photo\/japanese-tax-accountant-hearing-about-your-1647277825\" target=\"_blank\" rel=\"noopener\">shutterstock.com<\/a><\/p>\n<p>\u00a9 Freedomz \/ <a href=\"https:\/\/www.shutterstock.com\/de\/image-photo\/male-lawyer-judge-working-contract-papers-1775670605\" target=\"_blank\" rel=\"noopener\">shutterstock.com<\/a><\/p>\n<\/div>\n<\/div>\n<p>[\/vc_column_text][vc_separator type=&#8221;normal&#8221; down=&#8221;60&#8243; thickness=&#8221;2&#8243; up=&#8221;60&#8243;][vc_column_text]<\/p>\n<h2>Projekt, koncepcja i stworzenie strony internetowej<\/h2>\n<p>[\/vc_column_text][vc_separator type=&#8221;small&#8221; position=&#8221;left&#8221; down=&#8221;40&#8243;][vc_column_text]<\/p>\n<h5>peer04 \u2013 Agentur f\u00fcr Web und Print<\/h5>\n<p><a title=\"peer04 \u2013 Agentur f\u00fcr Web und Print\" href=\"http:\/\/www.peer04.de\" target=\"_blank\" rel=\"noopener noreferrer\">www.peer04.de<\/a><br \/>\n<a href=\"mailto:mail@peer04.de\">mail@peer04.de<\/a>[\/vc_column_text][\/vc_column][\/vc_row]<\/p>\n<\/div>","protected":false},"excerpt":{"rendered":"<p>[vc_row css_animation=&#8221;&#8221; row_type=&#8221;row&#8221; use_row_as_full_screen_section=&#8221;no&#8221; type=&#8221;full_width&#8221; angled_section=&#8221;no&#8221; text_align=&#8221;left&#8221; background_image_as_pattern=&#8221;without_pattern&#8221; padding_bottom=&#8221;50&#8243; z_index=&#8221;&#8221;][vc_column][vc_column_text] Nadruk [\/vc_column_text][vc_separator type=&#8221;small&#8221; position=&#8221;left&#8221; down=&#8221;40&#8243;][vc_single_image image=&#8221;17119&#8243; img_size=&#8221;full&#8221; css=&#8221;.vc_custom_1674141691045{padding-bottom: 50px !important;}&#8221; qode_css_animation=&#8221;&#8221;][vc_column_text css=&#8221;&#8221;] Erbenermittler Berlin [\/vc_column_text][vc_separator type=&#8221;small&#8221; position=&#8221;left&#8221; down=&#8221;40&#8243;][vc_column_text css=&#8221;&#8221;] Martin Barg Mittlere Str. 19 D-59929 Brilon Kontakt: Tel. +49 (0)2961 987763 info@erbenermittler-berlin.de Odpowiedzialno\u015b\u0107 redakcyjna: Martin&#8230;<\/p>\n","protected":false},"author":1,"featured_media":0,"parent":0,"menu_order":0,"comment_status":"closed","ping_status":"closed","template":"","meta":{"footnotes":""},"class_list":["post-16092","page","type-page","status-publish","hentry"],"_links":{"self":[{"href":"https:\/\/www.erbenermittler-berlin.de\/pl\/wp-json\/wp\/v2\/pages\/16092","targetHints":{"allow":["GET"]}}],"collection":[{"href":"https:\/\/www.erbenermittler-berlin.de\/pl\/wp-json\/wp\/v2\/pages"}],"about":[{"href":"https:\/\/www.erbenermittler-berlin.de\/pl\/wp-json\/wp\/v2\/types\/page"}],"author":[{"embeddable":true,"href":"https:\/\/www.erbenermittler-berlin.de\/pl\/wp-json\/wp\/v2\/users\/1"}],"replies":[{"embeddable":true,"href":"https:\/\/www.erbenermittler-berlin.de\/pl\/wp-json\/wp\/v2\/comments?post=16092"}],"version-history":[{"count":10,"href":"https:\/\/www.erbenermittler-berlin.de\/pl\/wp-json\/wp\/v2\/pages\/16092\/revisions"}],"predecessor-version":[{"id":17518,"href":"https:\/\/www.erbenermittler-berlin.de\/pl\/wp-json\/wp\/v2\/pages\/16092\/revisions\/17518"}],"wp:attachment":[{"href":"https:\/\/www.erbenermittler-berlin.de\/pl\/wp-json\/wp\/v2\/media?parent=16092"}],"curies":[{"name":"wp","href":"https:\/\/api.w.org\/{rel}","templated":true}]}}