{"id":16104,"date":"2015-04-17T08:18:48","date_gmt":"2015-04-17T06:18:48","guid":{"rendered":"https:\/\/neu.erbenermittler-berlin.de\/team\/"},"modified":"2026-03-31T08:58:07","modified_gmt":"2026-03-31T06:58:07","slug":"kontakt","status":"publish","type":"page","link":"https:\/\/www.erbenermittler-berlin.de\/pl\/kontakt\/","title":{"rendered":"Kontakt &#8211; PL"},"content":{"rendered":"<div class=\"wpb-content-wrapper\"><p>[vc_row css_animation=&#8221;&#8221; row_type=&#8221;row&#8221; use_row_as_full_screen_section=&#8221;no&#8221; type=&#8221;full_width&#8221; angled_section=&#8221;no&#8221; text_align=&#8221;left&#8221; background_image_as_pattern=&#8221;without_pattern&#8221; z_index=&#8221;&#8221; el_id=&#8221;team&#8221;][vc_column][vc_column_text]<\/p>\n<h2>Kontakt<\/h2>\n<p>[\/vc_column_text][vc_separator type=&#8221;small&#8221; position=&#8221;left&#8221; down=&#8221;40&#8243;][\/vc_column][\/vc_row][vc_row css_animation=&#8221;&#8221; row_type=&#8221;row&#8221; use_row_as_full_screen_section=&#8221;no&#8221; type=&#8221;full_width&#8221; angled_section=&#8221;no&#8221; text_align=&#8221;center&#8221; background_image_as_pattern=&#8221;without_pattern&#8221; padding_bottom=&#8221;50&#8243; z_index=&#8221;&#8221;][vc_column width=&#8221;1\/4&#8243;][vc_single_image image=&#8221;17279&#8243; img_size=&#8221;full&#8221; qode_css_animation=&#8221;&#8221;][vc_separator type=&#8221;transparent&#8221; up=&#8221;30&#8243; down=&#8221;0&#8243;][vc_column_text]<\/p>\n<h3 style=\"text-align: left;\">Dane kontaktowe<\/h3>\n<p>[\/vc_column_text][vc_separator type=&#8221;small&#8221; position=&#8221;left&#8221; down=&#8221;40&#8243;][vc_column_text css=&#8221;&#8221;]<\/p>\n<p style=\"text-align: left;\">Jeste\u015b zarz\u0105dc\u0105 spadku, wykonawc\u0105 testamentu, notariuszem lub potrzebujesz wsparcia jako osoba prywatna w identyfikacji nieznanych spadkobierc\u00f3w w sprawach spadkowych? Skontaktuj si\u0119 z nami w ka\u017cdej chwili. Z naszym wieloletnim do\u015bwiadczeniem i kompetencjami w zakresie identyfikacji spadkobierc\u00f3w ch\u0119tnie Ci\u0119 wesprzemy!<\/p>\n<p style=\"text-align: left;\"><strong>Erbenermittler Berlin<\/strong><br \/>\nMittlere Str. 19<br \/>\nD-59929 Brilon<\/p>\n<div class=\"column3 footer_col3\">\n<div class=\"column_inner\">\n<div id=\"text-3\" class=\"widget widget_text\">\n<div class=\"textwidget\" style=\"text-align: left;\"><a href=\"mailto:info@erbenermittler-berlin.de\">info@erbenermittler-berlin.de<\/a><br \/>\nTel. <a href=\"tel:+492961987763\">+49 (0)2961 987763<\/a><\/div>\n<\/div>\n<\/div>\n<\/div>\n<p>[\/vc_column_text][vc_empty_space height=&#8221;40px&#8221;][\/vc_column][vc_column width=&#8221;1\/4&#8243;][vc_single_image image=&#8221;17092&#8243; img_size=&#8221;full&#8221; alignment=&#8221;center&#8221; css=&#8221;&#8221; qode_css_animation=&#8221;&#8221; transition_delay=&#8221;0.4&#8243;][vc_separator type=&#8221;transparent&#8221; up=&#8221;30&#8243; down=&#8221;0&#8243;][vc_column_text css=&#8221;&#8221;]<\/p>\n<h3 style=\"text-align: left;\">Marion Becker<br \/>\n<span style=\"font-weight: 300; font-size: 14px;\">Referentka<br \/>\nzachodnie kraje zwi\u0105zkowe<\/span><\/h3>\n<p>[\/vc_column_text][vc_separator type=&#8221;small&#8221; position=&#8221;left&#8221; down=&#8221;40&#8243;][vc_column_text css=&#8221;&#8221;]<\/p>\n<p style=\"text-align: left;\"><a href=\"mailto:becker@erbenermittler-berlin.de\">becker@erbenermittler-berlin.de<\/a><\/p>\n<p style=\"text-align: left;\">Ustalanie spadkobierc\u00f3w od 2008 roku<\/p>\n<p style=\"text-align: left;\"><strong>J\u0119zyki obce:<\/strong> Angielski<\/p>\n<p style=\"text-align: left;\"><strong>Pola specjalne:<\/strong> Niemcy, Nadrenia P\u00f3\u0142nocna-Westfalia, badania nad rodzinami \u017cydowskimi, Austria, Polska (dawne pruskie prowincje: \u015al\u0105sk oraz Prusy Wschodnie i Zachodnie), Stany Zjednoczone, Czechy (Kraj Sudecki)<\/p>\n<p>[\/vc_column_text][\/vc_column][vc_column width=&#8221;1\/4&#8243;][vc_single_image image=&#8221;17475&#8243; img_size=&#8221;full&#8221; alignment=&#8221;center&#8221; qode_css_animation=&#8221;&#8221; transition_delay=&#8221;0.4&#8243;][vc_separator type=&#8221;transparent&#8221; up=&#8221;30&#8243; down=&#8221;0&#8243;][vc_column_text css=&#8221;&#8221;]<\/p>\n<h3 style=\"text-align: left;\">Andr\u00e9 Goerke<br \/>\n<span style=\"font-weight: 300; font-size: 14px;\">Referent<br \/>\nwschodnie kraje zwi\u0105zkowe<\/span><\/h3>\n<p>[\/vc_column_text][vc_separator type=&#8221;small&#8221; position=&#8221;left&#8221; down=&#8221;40&#8243;][vc_column_text]<\/p>\n<p style=\"text-align: left;\"><a href=\"mailto:goerke@erbenermittler-berlin.de\">goerke@erbenermittler-berlin.de<\/a><\/p>\n<p style=\"text-align: left;\">Urodzony w 1967 roku, genealogia od 1996 roku<\/p>\n<p style=\"text-align: left;\"><strong>J\u0119zyki obce:<\/strong> Angielski, francuski, rosyjski<\/p>\n<p style=\"text-align: left;\"><strong>Pola specjalne:<\/strong> Niemcy (Berlin, Niemcy \u015arodkowe), dawne ziemie wschodnie w dzisiejszej Polsce, kraje ba\u0142tyckie, Ukraina, Czechy (Sudety), USA, Kanada, badania rodzinne<\/p>\n<p>[\/vc_column_text][\/vc_column][vc_column width=&#8221;1\/4&#8243;][vc_single_image image=&#8221;17506&#8243; img_size=&#8221;full&#8221; alignment=&#8221;center&#8221; css=&#8221;&#8221; qode_css_animation=&#8221;&#8221; transition_delay=&#8221;0.4&#8243;][vc_separator type=&#8221;transparent&#8221; up=&#8221;30&#8243; down=&#8221;0&#8243;][vc_column_text css=&#8221;&#8221;]<\/p>\n<h3 style=\"text-align: left;\">Martin Barg<\/h3>\n<p>[\/vc_column_text][vc_separator type=&#8221;small&#8221; position=&#8221;left&#8221; down=&#8221;40&#8243;][vc_column_text css=&#8221;&#8221;]<\/p>\n<p style=\"text-align: left;\"><a href=\"mailto:info@erbenermittler-berlin.de\">info@erbenermittler-berlin.de<\/a><\/p>\n<p style=\"text-align: left;\">Genealogia od 1990 roku<\/p>\n<p style=\"text-align: left;\"><strong>J\u0119zyki obce:<\/strong> Angielski<\/p>\n<p style=\"text-align: left;\">Osoba odpowiedzialna za przeprowadzenie post\u0119powania spadkowego<\/p>\n<p>[\/vc_column_text][\/vc_column][\/vc_row]<\/p>\n<\/div>","protected":false},"excerpt":{"rendered":"<p>[vc_row css_animation=&#8221;&#8221; row_type=&#8221;row&#8221; use_row_as_full_screen_section=&#8221;no&#8221; type=&#8221;full_width&#8221; angled_section=&#8221;no&#8221; text_align=&#8221;left&#8221; background_image_as_pattern=&#8221;without_pattern&#8221; z_index=&#8221;&#8221; el_id=&#8221;team&#8221;][vc_column][vc_column_text] Kontakt [\/vc_column_text][vc_separator type=&#8221;small&#8221; position=&#8221;left&#8221; down=&#8221;40&#8243;][\/vc_column][\/vc_row][vc_row css_animation=&#8221;&#8221; row_type=&#8221;row&#8221; use_row_as_full_screen_section=&#8221;no&#8221; type=&#8221;full_width&#8221; angled_section=&#8221;no&#8221; text_align=&#8221;center&#8221; background_image_as_pattern=&#8221;without_pattern&#8221; padding_bottom=&#8221;50&#8243; z_index=&#8221;&#8221;][vc_column width=&#8221;1\/4&#8243;][vc_single_image image=&#8221;17279&#8243; img_size=&#8221;full&#8221; qode_css_animation=&#8221;&#8221;][vc_separator type=&#8221;transparent&#8221; up=&#8221;30&#8243; down=&#8221;0&#8243;][vc_column_text] Dane kontaktowe [\/vc_column_text][vc_separator type=&#8221;small&#8221; position=&#8221;left&#8221; down=&#8221;40&#8243;][vc_column_text css=&#8221;&#8221;] Jeste\u015b zarz\u0105dc\u0105 spadku, wykonawc\u0105 testamentu, notariuszem lub&#8230;<\/p>\n","protected":false},"author":1,"featured_media":0,"parent":0,"menu_order":0,"comment_status":"open","ping_status":"closed","template":"","meta":{"footnotes":""},"class_list":["post-16104","page","type-page","status-publish","hentry"],"_links":{"self":[{"href":"https:\/\/www.erbenermittler-berlin.de\/pl\/wp-json\/wp\/v2\/pages\/16104","targetHints":{"allow":["GET"]}}],"collection":[{"href":"https:\/\/www.erbenermittler-berlin.de\/pl\/wp-json\/wp\/v2\/pages"}],"about":[{"href":"https:\/\/www.erbenermittler-berlin.de\/pl\/wp-json\/wp\/v2\/types\/page"}],"author":[{"embeddable":true,"href":"https:\/\/www.erbenermittler-berlin.de\/pl\/wp-json\/wp\/v2\/users\/1"}],"replies":[{"embeddable":true,"href":"https:\/\/www.erbenermittler-berlin.de\/pl\/wp-json\/wp\/v2\/comments?post=16104"}],"version-history":[{"count":10,"href":"https:\/\/www.erbenermittler-berlin.de\/pl\/wp-json\/wp\/v2\/pages\/16104\/revisions"}],"predecessor-version":[{"id":17549,"href":"https:\/\/www.erbenermittler-berlin.de\/pl\/wp-json\/wp\/v2\/pages\/16104\/revisions\/17549"}],"wp:attachment":[{"href":"https:\/\/www.erbenermittler-berlin.de\/pl\/wp-json\/wp\/v2\/media?parent=16104"}],"curies":[{"name":"wp","href":"https:\/\/api.w.org\/{rel}","templated":true}]}}