{"id":16110,"date":"2022-11-09T11:32:46","date_gmt":"2022-11-09T10:32:46","guid":{"rendered":"https:\/\/neu.erbenermittler-berlin.de\/warum-erbenermittlung\/"},"modified":"2023-02-06T12:01:34","modified_gmt":"2023-02-06T11:01:34","slug":"erbenermittlung","status":"publish","type":"page","link":"https:\/\/www.erbenermittler-berlin.de\/pl\/erbenermittlung\/","title":{"rendered":"Erbenermittlung &#8211; PL"},"content":{"rendered":"<div class=\"wpb-content-wrapper\"><p>[vc_row css_animation=&#8221;&#8221; row_type=&#8221;row&#8221; use_row_as_full_screen_section=&#8221;no&#8221; type=&#8221;full_width&#8221; angled_section=&#8221;no&#8221; text_align=&#8221;left&#8221; background_image_as_pattern=&#8221;without_pattern&#8221; z_index=&#8221;&#8221; el_id=&#8221;warum&#8221;][vc_column][vc_column_text]<\/p>\n<h2>Dlaczego dochodzenie spadkowe?<\/h2>\n<p>[\/vc_column_text][vc_separator type=&#8221;small&#8221; position=&#8221;left&#8221; down=&#8221;40&#8243;][vc_single_image image=&#8221;17119&#8243; img_size=&#8221;full&#8221; qode_css_animation=&#8221;&#8221; css=&#8221;.vc_custom_1673877845138{padding-bottom: 20px !important;}&#8221;][vc_column_text]Nasz zesp\u00f3\u0142 od 2008 roku z powodzeniem prowadzi wsp\u00f3lne dochodzenia spadkowe w kraju i za granic\u0105. Szczeg\u00f3lne do\u015bwiadczenie zdobyli\u015bmy w obszarze by\u0142ych Sudet\u00f3w, by\u0142ych niemieckich terytori\u00f3w wschodnich i Austrii.<\/p>\n<p>Ka\u017cdego roku w Niemczech pozostawia si\u0119<strong> znaczny maj\u0105tek<\/strong> bez wiedzy potencjalnych spadkobierc\u00f3w o tym, \u017ce go dziedzicz\u0105.<\/p>\n<p>\u015aledczy spadkobiercy poszukuj\u0105 tych nieznanych spadkobierc\u00f3w prawnych. Je\u015bli spadkodawca umiera nie pozostawiaj\u0105c testamentu, sprawy spadkowe s\u0105 cz\u0119sto niejasne. Ze wzgl\u0119du na dramatyczne wydarzenia podczas dw\u00f3ch wojen \u015bwiatowych, imigracj\u0119 i emigracj\u0119, rozwody, dzieci urodzone poza ma\u0142\u017ce\u0144stwem itp. <strong>spadkobiercy s\u0105 cz\u0119sto trudni do odnalezienia<\/strong>.<\/p>\n<p>Nasza praca rozpoczyna si\u0119 w momencie, gdy ani w\u0142a\u015bciwemu s\u0105dowi probacyjnemu, ani kuratorowi spadku nie uda\u0142o si\u0119 ustali\u0107 spadkobierc\u00f3w.<\/p>\n<p>Dochodzenie rozpoczynamy dopiero wtedy, gdy upewnimy si\u0119, <strong>\u017ce istnieje warto\u015bciowa nieruchomo\u015b\u0107<\/strong>. W przypadku powodzenia zawieramy umow\u0119 o honorarium ze wskazanymi przez nas spadkobiercami.<\/p>\n<p>W Niemczech status spadkobiercy udowadnia si\u0119 za\u015bwiadczeniem o dziedziczeniu. Nie wystarczy udowodnienie w\u0142asnego uprawnienia do dziedziczenia. Nale\u017cy raczej w <strong>pe\u0142ni<\/strong> udokumentowa\u0107 przed w\u0142a\u015bciwym s\u0105dem probierczym <strong>pe\u0142ne relacje rodzinne<\/strong> zmar\u0142ego na podstawie akt\u00f3w stanu cywilnego.<\/p>\n<p>W przypadku zlecenia podejmujemy si\u0119 tych zada\u0144. My<\/p>\n<ul>\n<li>przej\u0105\u0107 ca\u0142kowite wyja\u015bnienie i udokumentowanie powi\u0105za\u0144 rodzinnych,<\/li>\n<li>wskaza\u0107 wszystkich beneficjent\u00f3w spadku,<\/li>\n<li>uzyskanie niezb\u0119dnych dokument\u00f3w stanu cywilnego z kraju i zagranicy, w tym uwierzytelnienie (apostille\/legalizacja) oraz<\/li>\n<li>przygotowa\u0107 wniosek o wydanie aktu po\u015bwiadczenia dziedziczenia do sporz\u0105dzenia u notariusza.<\/li>\n<\/ul>\n<p>Nie musisz si\u0119 o nic martwi\u0107.[\/vc_column_text][\/vc_column][\/vc_row][vc_row css_animation=&#8221;&#8221; row_type=&#8221;row&#8221; use_row_as_full_screen_section=&#8221;no&#8221; type=&#8221;full_width&#8221; angled_section=&#8221;no&#8221; text_align=&#8221;left&#8221; background_image_as_pattern=&#8221;without_pattern&#8221; z_index=&#8221;&#8221;][vc_column][vc_separator type=&#8221;normal&#8221; down=&#8221;60&#8243; up=&#8221;60&#8243; thickness=&#8221;2&#8243;][\/vc_column][\/vc_row][vc_row css_animation=&#8221;&#8221; row_type=&#8221;row&#8221; use_row_as_full_screen_section=&#8221;no&#8221; type=&#8221;full_width&#8221; angled_section=&#8221;no&#8221; text_align=&#8221;left&#8221; background_image_as_pattern=&#8221;without_pattern&#8221; z_index=&#8221;&#8221; el_id=&#8221;kosten&#8221;][vc_column][vc_column_text]<\/p>\n<h2>Koszty<\/h2>\n<p>[\/vc_column_text][vc_separator type=&#8221;small&#8221; position=&#8221;left&#8221; down=&#8221;40&#8243;][vc_single_image image=&#8221;17127&#8243; img_size=&#8221;full&#8221; qode_css_animation=&#8221;&#8221; css=&#8221;.vc_custom_1673877765860{padding-bottom: 20px !important;}&#8221;][vc_column_text]Dzia\u0142amy na w\u0142asne ryzyko gospodarcze i w przypadku sukcesu zawieramy umow\u0119 o honorarium ze wskazanymi spadkobiercami. <strong>Nasze wynagrodzenie jest nale\u017cne tylko w przypadku sukcesu<\/strong> i obejmuje r\u00f3wnie\u017c koszty niezb\u0119dnych akt\u00f3w stanu cywilnego, post\u0119powania o wydanie aktu po\u015bwiadczenia dziedziczenia oraz p\u00f3\u017aniejszego podzia\u0142u maj\u0105tku.<\/p>\n<p><strong>Spadkobiercy nie musz\u0105 wp\u0142aca\u0107 \u017cadnych zaliczek finansowych<\/strong>.<\/p>\n<p><strong>Op\u0142ata za rozpatrzenie sprawy jest nale\u017cna i p\u0142atna dopiero w momencie wyp\u0142aty Twojego<\/strong> udzia\u0142u w spadku i mo\u017ce by\u0107 wykorzystana jako obni\u017cenie podatku spadkowego.[\/vc_column_text][\/vc_column][\/vc_row][vc_row css_animation=&#8221;&#8221; row_type=&#8221;row&#8221; use_row_as_full_screen_section=&#8221;no&#8221; type=&#8221;full_width&#8221; angled_section=&#8221;no&#8221; text_align=&#8221;left&#8221; background_image_as_pattern=&#8221;without_pattern&#8221; z_index=&#8221;&#8221;][vc_column][vc_separator type=&#8221;normal&#8221; down=&#8221;60&#8243; up=&#8221;60&#8243; thickness=&#8221;2&#8243;][\/vc_column][\/vc_row][vc_row css_animation=&#8221;&#8221; row_type=&#8221;row&#8221; use_row_as_full_screen_section=&#8221;no&#8221; type=&#8221;full_width&#8221; angled_section=&#8221;no&#8221; text_align=&#8221;left&#8221; background_image_as_pattern=&#8221;without_pattern&#8221; z_index=&#8221;&#8221; anchor=&#8221;rechtsprechung&#8221; el_id=&#8221;recht&#8221;][vc_column][vc_column_text]<\/p>\n<h2>Ustalenie dziedziczenia w orzecznictwie<\/h2>\n<p>[\/vc_column_text][vc_separator type=&#8221;small&#8221; position=&#8221;left&#8221; down=&#8221;40&#8243;][vc_single_image image=&#8221;17115&#8243; img_size=&#8221;full&#8221; qode_css_animation=&#8221;&#8221; css=&#8221;.vc_custom_1673877775549{padding-bottom: 20px !important;}&#8221;][vc_column_text]Prawo do dziedziczenia zagwarantowane jest w art. 14 ustawy zasadniczej:<\/p>\n<p>Art. 14, zdanie 1:<\/p>\n<p>Zagwarantowano prawo w\u0142asno\u015bci i prawo do dziedziczenia. Tre\u015b\u0107 i ograniczenia okre\u015blaj\u0105 przepisy prawa.<\/p>\n<p>Dok\u0142adne regulacje znajduj\u0105 si\u0119 w \u00a7\u00a7 1922 do 2385 Kodeksu cywilnego.<\/p>\n<p><strong>Konieczno\u015b\u0107 zawarcia umowy o honorarium<\/strong> pomi\u0119dzy spadkobiercami a mediatorem spadkowym zosta\u0142a stwierdzona przez s\u0105d najwy\u017cszy:<\/p>\n<p>BGH, wyrok z 23.09.1999 r. (sygn. akt III ZR 323\/98), NJW 2000, 72 i nast.<br \/>\nBGH, decyzja z 23.02.2006 (sygn. akt: III ZR 209\/05)<\/p>\n<p>&#8222;Osobie, kt\u00f3ra komercyjnie zajmuje si\u0119 badaniem nieznanych spadkobierc\u00f3w, nie przys\u0142uguj\u0105 \u017cadne roszczenia prawne o wynagrodzenie wobec badanych przez ni\u0105 spadkobierc\u00f3w wynikaj\u0105ce z zarz\u0105du bez zlecenia lub bezpodstawnego wzbogacenia. Badacz spadk\u00f3w mo\u017ce \u017c\u0105da\u0107 wynagrodzenia tylko wtedy, gdy zawrze ze spadkobierc\u0105 umow\u0119 o wynagrodzenie. Dlatego firmy zajmuj\u0105ce si\u0119 wyszukiwaniem spadkobierc\u00f3w s\u0105 zach\u0119cane do &#8222;sprzedawania&#8221; wynik\u00f3w poszukiwa\u0144 spadkobiercom poprzez zawieranie um\u00f3w o wynagrodzenie.&#8221;&#8221;<\/p>\n<p>Podobnie s\u0105dy zajmowa\u0142y si\u0119<strong> dopuszczaln\u0105 wysoko\u015bci\u0105 op\u0142aty<\/strong>:<\/p>\n<ul>\n<li><strong>S\u0105d Okr\u0119gowy w Poczdamie, wyrok z dnia 07.10.2008 (sygn. akt 6 O 128\/08)<\/strong><br \/>\n&#8222;S\u0105d kieruje si\u0119 orzecznictwem Federalnego Trybuna\u0142u Sprawiedliwo\u015bci oraz s\u0105d\u00f3w wy\u017cszych instancji, zgodnie z kt\u00f3rym op\u0142ata w wysoko\u015bci do 30% kwoty spadku netto jest uzasadniona w przypadku czynno\u015bci zwi\u0105zanych z poszukiwaniem spadkobierc\u00f3w.&#8221;<\/li>\n<li><strong>OLG Brandenburg, wyrok z 20.05.2008 (<a href=\"https:\/\/openjur.de\/u\/278001.html\" target=\"_blank\" rel=\"noopener\">sygn. akt 11 U 157\/07<\/a>), ZErb 2008, 278 i nast\u0119pne <\/strong><br \/>\n&#8222;Jako wskaz\u00f3wk\u0119 co do adekwatno\u015bci wynagrodzenia mediatora spadkowego mo\u017cna wykorzysta\u0107 praktyk\u0119 zwyczajow\u0105, zgodnie z kt\u00f3r\u0105 zazwyczaj ustala si\u0119 wynagrodzenie w wysoko\u015bci do 30% spadku.&#8221;<\/li>\n<li><strong>S\u0105d Okr\u0119gowy w Akwizgranie, wyrok z dnia 20.12.2007 r. (sygn. akt: 9 O 301\/07)<\/strong><br \/>\n&#8222;W sprawie wa\u017cno\u015bci umowy o honorarium pomi\u0119dzy dochodz\u0105cym spadku a spadkobierc\u0105 w wysoko\u015bci 28% spadku plus VAT&#8221;.<\/li>\n<li><strong>S\u0105d Apelacyjny w Berlinie, wyrok z dnia 05.11.2001 r. (sygn. akt 26 U 10301\/00)<\/strong><br \/>\n&#8222;O skuteczno\u015bci umowy o wynagrodzenie pomi\u0119dzy mediatorem spadkowym a spadkobierc\u0105 w wysoko\u015bci 25% spadku plus VAT&#8221;.<\/li>\n<li><strong>LG Darmstadt, wyrok z 29.06.2000 r. (Az. 13 O 15\/99), NJW-RR 2001, 1015 f.<\/strong><br \/>\n&#8222;Umowa pomi\u0119dzy po\u015brednikiem spadkowym a znalezionym przez niego spadkobierc\u0105 na 30% plus VAT maj\u0105tku przypadaj\u0105cego mu ze spadku jest wa\u017cna&#8221;.<\/li>\n<\/ul>\n<p>[\/vc_column_text][\/vc_column][\/vc_row][vc_row css_animation=&#8221;&#8221; row_type=&#8221;row&#8221; use_row_as_full_screen_section=&#8221;no&#8221; type=&#8221;full_width&#8221; angled_section=&#8221;no&#8221; text_align=&#8221;left&#8221; background_image_as_pattern=&#8221;without_pattern&#8221; z_index=&#8221;&#8221;][vc_column][vc_separator type=&#8221;normal&#8221; down=&#8221;60&#8243; up=&#8221;60&#8243; thickness=&#8221;2&#8243;][\/vc_column][\/vc_row][vc_row css_animation=&#8221;&#8221; row_type=&#8221;row&#8221; use_row_as_full_screen_section=&#8221;no&#8221; type=&#8221;full_width&#8221; angled_section=&#8221;no&#8221; text_align=&#8221;left&#8221; background_image_as_pattern=&#8221;without_pattern&#8221; padding_bottom=&#8221;60&#8243; z_index=&#8221;&#8221; anchor=&#8221;medien&#8221; el_id=&#8221;medien&#8221;][vc_column][vc_column_text]<\/p>\n<h2>&#8230; i w mediach<\/h2>\n<p>[\/vc_column_text][vc_separator type=&#8221;small&#8221; position=&#8221;left&#8221; down=&#8221;40&#8243;][vc_single_image image=&#8221;17139&#8243; img_size=&#8221;full&#8221; qode_css_animation=&#8221;&#8221; css=&#8221;.vc_custom_1673877804853{padding-bottom: 20px !important;}&#8221;][vc_column_text]<a href=\"https:\/\/www.prosieben.de\/tv\/galileo\/videos\/2009-die-erbenermittler-clip\" target=\"_blank\" rel=\"noopener\">Spadkobiercy \u015bledczy o Galileo u na ProSieben<\/a><\/p>\n<p><a href=\"https:\/\/www.youtube.com\/watch?v=MXMP6qn63jk SWR\" target=\"_blank\" rel=\"noopener\">Detektyw dziedziczka: Co pozostaje z \u017cycia | Mensch Leute | SWR Fernsehen<\/a><\/p>\n<p><a href=\"https:\/\/www.youtube.com\/watch?v=EuLlDkv8HPk ZDF\" target=\"_blank\" rel=\"noopener\">Reporta\u017c ZDF Die Erben-Ermittler: Wenn der Nachlass-Detektiv klingelt<\/a><\/p>\n<p><a href=\"https:\/\/www.rbb24.de\/panorama\/beitrag\/2022\/04\/tod-erben-erbenermittler-detektiv-familie.html\" target=\"_blank\" rel=\"noopener\">rbb24: Wywiad z badaczem spadk\u00f3w na temat jego pracy<\/a>[\/vc_column_text][\/vc_column][\/vc_row]<\/p>\n<\/div>","protected":false},"excerpt":{"rendered":"<p>[vc_row css_animation=&#8221;&#8221; row_type=&#8221;row&#8221; use_row_as_full_screen_section=&#8221;no&#8221; type=&#8221;full_width&#8221; angled_section=&#8221;no&#8221; text_align=&#8221;left&#8221; background_image_as_pattern=&#8221;without_pattern&#8221; z_index=&#8221;&#8221; el_id=&#8221;warum&#8221;][vc_column][vc_column_text] Dlaczego dochodzenie spadkowe? [\/vc_column_text][vc_separator type=&#8221;small&#8221; position=&#8221;left&#8221; down=&#8221;40&#8243;][vc_single_image image=&#8221;17119&#8243; img_size=&#8221;full&#8221; qode_css_animation=&#8221;&#8221; css=&#8221;.vc_custom_1673877845138{padding-bottom: 20px !important;}&#8221;][vc_column_text]Nasz zesp\u00f3\u0142 od 2008 roku z powodzeniem prowadzi wsp\u00f3lne dochodzenia spadkowe w kraju i za granic\u0105. Szczeg\u00f3lne do\u015bwiadczenie zdobyli\u015bmy w obszarze by\u0142ych Sudet\u00f3w,&#8230;<\/p>\n","protected":false},"author":1,"featured_media":0,"parent":0,"menu_order":0,"comment_status":"closed","ping_status":"closed","template":"","meta":{"footnotes":""},"class_list":["post-16110","page","type-page","status-publish","hentry"],"_links":{"self":[{"href":"https:\/\/www.erbenermittler-berlin.de\/pl\/wp-json\/wp\/v2\/pages\/16110","targetHints":{"allow":["GET"]}}],"collection":[{"href":"https:\/\/www.erbenermittler-berlin.de\/pl\/wp-json\/wp\/v2\/pages"}],"about":[{"href":"https:\/\/www.erbenermittler-berlin.de\/pl\/wp-json\/wp\/v2\/types\/page"}],"author":[{"embeddable":true,"href":"https:\/\/www.erbenermittler-berlin.de\/pl\/wp-json\/wp\/v2\/users\/1"}],"replies":[{"embeddable":true,"href":"https:\/\/www.erbenermittler-berlin.de\/pl\/wp-json\/wp\/v2\/comments?post=16110"}],"version-history":[{"count":10,"href":"https:\/\/www.erbenermittler-berlin.de\/pl\/wp-json\/wp\/v2\/pages\/16110\/revisions"}],"predecessor-version":[{"id":17401,"href":"https:\/\/www.erbenermittler-berlin.de\/pl\/wp-json\/wp\/v2\/pages\/16110\/revisions\/17401"}],"wp:attachment":[{"href":"https:\/\/www.erbenermittler-berlin.de\/pl\/wp-json\/wp\/v2\/media?parent=16110"}],"curies":[{"name":"wp","href":"https:\/\/api.w.org\/{rel}","templated":true}]}}